{"id":958,"date":"2021-10-29T11:25:00","date_gmt":"2021-10-29T15:25:00","guid":{"rendered":"https:\/\/agroextrativismosustentavel.ufms.br\/?page_id=958"},"modified":"2021-11-16T10:19:37","modified_gmt":"2021-11-16T14:19:37","slug":"regulamento-contacao-de-causos-poemas-e-poesias-guavira-sou-fa","status":"publish","type":"page","link":"https:\/\/agroextrativismosustentavel.ufms.br\/en\/regulamento-contacao-de-causos-poemas-e-poesias-guavira-sou-fa\/","title":{"rendered":"Regulamento \u201cConta\u00e7\u00e3o de Causos, Poemas e Poesias: Guavira sou f\u00e3\u201d 2021"},"content":{"rendered":"<p>A equipe organizadora programou como atividade art\u00edstica e cultural a realiza\u00e7\u00e3o da sele\u00e7\u00e3o dos melhores causos, poesias ou poemas cujo tema \u00e9: Guavira sou f\u00e3!!! As defini\u00e7\u00f5es referentes \u00e0s tr\u00eas categorias textuais a serem consideradas s\u00e3o:<\/p>\n<p><strong>Poema<\/strong>: Texto liter\u00e1rio formado por versos;<\/p>\n<p><strong>Poesia<\/strong>: \u00a0Produ\u00e7\u00e3o art\u00edstica que provoca emo\u00e7\u00f5es;<\/p>\n<p><strong><em>Causus:<\/em><\/strong> Relato curto de um acontecimento; conto, caso. Ou seja, aquilo que realmente aconteceu.<\/p>\n<p>A produ\u00e7\u00e3o textual selecionada nas modalidades <em>causus<\/em>, poemas e poesia ser\u00e1 apresentada no formato de v\u00eddeos no <strong>dia 26\/11\/2021<\/strong>, virtualmente, durante o evento e divulgada em futuras edi\u00e7\u00f5es do semin\u00e1rio Estadual da Guavira. Estar\u00e3o dispon\u00edveis digitalmente nas p\u00e1ginas das redes sociais ou famepage e nos produtos utilizados para divulga\u00e7\u00e3o da Guavira, como fruto s\u00edmbolo do estado do MS. A participa\u00e7\u00e3o \u00e9 aberta a popula\u00e7\u00e3o em geral.<\/p>\n<p><strong>Inscri\u00e7\u00e3o e submiss\u00e3o<\/strong><\/p>\n<p>Os candidatos interessados em participar da atividade art\u00edstica cultural <strong><em>\u201cConta\u00e7\u00e3o de Causos, Poemas e Poesias: Guavira sou f\u00e3\u201d <\/em><\/strong>dever\u00e3o se inscrever <strong>at\u00e9 o dia 15\/11\/2021 at\u00e9 as 23h:59minutos (hor\u00e1rio local do MS) <\/strong>atrav\u00e9s do <strong>endere\u00e7o de e-mail: <\/strong><strong>guavirams@gmail.com,<\/strong> com assunto: Conta\u00e7\u00e3o de <em>Causus, Poemas e Poesias<\/em><em>. <\/em><\/p>\n<p>\u00c9 obrigat\u00f3ria a realiza\u00e7\u00e3o da inscri\u00e7\u00e3o no IV Semin\u00e1rio Estadual da Guavira dispon\u00edvel no link:\u00a0<a href=\"https:\/\/bit.ly\/3Gv2HDn\">https:\/\/bit.ly\/3Gv2HDn<\/a><\/p>\n<ul>\n<li>O v\u00eddeo dever\u00e1 ter no <strong>m\u00e1ximo 5 minutos<\/strong> e deve ser disponibilizado no YouTube ou no Google Drive do participante (com visibilidade \u201cp\u00fablica\u201d ou \u201cn\u00e3o listado\u201d). O link do v\u00eddeo deve ser fornecido por e-mail no momento da submiss\u00e3o da proposta.<\/li>\n<\/ul>\n<p>A comiss\u00e3o organizadora do evento utilizar\u00e1 os seguintes crit\u00e9rios na sele\u00e7\u00e3o da produ\u00e7\u00e3o textual e do v\u00eddeo:<\/p>\n<ol>\n<li>Originalidade<\/li>\n<li>Composi\u00e7\u00e3o<\/li>\n<li>Qualidade t\u00e9cnica e textual<\/li>\n<li>Criatividade<\/li>\n<li>Adequa\u00e7\u00e3o ao tema<\/li>\n<\/ol>\n<p>O resultado da sele\u00e7\u00e3o ser\u00e1 comunicado aos participantes via e-mail, bem como divulgado no site: <strong>agroextrativismosustentavel.ufms.br<\/strong> e m\u00eddias sociais do evento Guavira MS.<\/p>\n<p><strong>Disposi\u00e7\u00f5es finais<\/strong><\/p>\n<ul>\n<li>O ato de inscri\u00e7\u00e3o implica na aceita\u00e7\u00e3o e concord\u00e2ncia com todos os itens deste regulamento.<\/li>\n<li>Para fins curriculares os participantes que tiverem os textos selecionados receber\u00e3o certificados de produ\u00e7\u00e3o art\u00edstica cultural.<\/li>\n<li>Caso haja interesse na publica\u00e7\u00e3o no E-book do IV Semin\u00e1rio Estadual da Guavira dever\u00e1 ser enviado texto em Word, conforme orienta\u00e7\u00f5es que ser\u00e3o enviadas posteriormente por e-mail.<\/li>\n<\/ul>\n<p>Os casos omissos ser\u00e3o decididos pela Comiss\u00e3o Organizadora do \u201cIV Semin\u00e1rio Estadual da Guavira\u201d.<\/p>\n","protected":false},"excerpt":{"rendered":"<p>A equipe organizadora programou como atividade art\u00edstica e cultural a realiza\u00e7\u00e3o da sele\u00e7\u00e3o dos melhores causos, poesias ou poemas cujo tema \u00e9: Guavira sou f\u00e3!!! As defini\u00e7\u00f5es referentes \u00e0s tr\u00eas categorias textuais a serem consideradas s\u00e3o: Poema: Texto liter\u00e1rio formado por versos; Poesia: \u00a0Produ\u00e7\u00e3o art\u00edstica que provoca emo\u00e7\u00f5es; Causus: Relato curto de um acontecimento; conto, [&hellip;]<\/p>\n","protected":false},"author":13405,"featured_media":0,"parent":0,"menu_order":0,"comment_status":"closed","ping_status":"closed","template":"","meta":{"ngg_post_thumbnail":0,"footnotes":""},"coauthors":[],"class_list":["post-958","page","type-page","status-publish","hentry"],"_links":{"self":[{"href":"https:\/\/agroextrativismosustentavel.ufms.br\/en\/wp-json\/wp\/v2\/pages\/958","targetHints":{"allow":["GET"]}}],"collection":[{"href":"https:\/\/agroextrativismosustentavel.ufms.br\/en\/wp-json\/wp\/v2\/pages"}],"about":[{"href":"https:\/\/agroextrativismosustentavel.ufms.br\/en\/wp-json\/wp\/v2\/types\/page"}],"author":[{"embeddable":true,"href":"https:\/\/agroextrativismosustentavel.ufms.br\/en\/wp-json\/wp\/v2\/users\/13405"}],"replies":[{"embeddable":true,"href":"https:\/\/agroextrativismosustentavel.ufms.br\/en\/wp-json\/wp\/v2\/comments?post=958"}],"version-history":[{"count":4,"href":"https:\/\/agroextrativismosustentavel.ufms.br\/en\/wp-json\/wp\/v2\/pages\/958\/revisions"}],"predecessor-version":[{"id":1004,"href":"https:\/\/agroextrativismosustentavel.ufms.br\/en\/wp-json\/wp\/v2\/pages\/958\/revisions\/1004"}],"wp:attachment":[{"href":"https:\/\/agroextrativismosustentavel.ufms.br\/en\/wp-json\/wp\/v2\/media?parent=958"}],"wp:term":[{"taxonomy":"author","embeddable":true,"href":"https:\/\/agroextrativismosustentavel.ufms.br\/en\/wp-json\/wp\/v2\/coauthors?post=958"}],"curies":[{"name":"wp","href":"https:\/\/api.w.org\/{rel}","templated":true}]}}