{"id":955,"date":"2021-10-29T11:11:59","date_gmt":"2021-10-29T15:11:59","guid":{"rendered":"https:\/\/agroextrativismosustentavel.ufms.br\/?page_id=955"},"modified":"2021-11-16T10:20:27","modified_gmt":"2021-11-16T14:20:27","slug":"regulamento-para-submissao-dos-videos-no-iv-seminario-estadual-da-guavira-jovens-pesquisadores","status":"publish","type":"page","link":"https:\/\/agroextrativismosustentavel.ufms.br\/en\/regulamento-para-submissao-dos-videos-no-iv-seminario-estadual-da-guavira-jovens-pesquisadores\/","title":{"rendered":"Regulamento para submiss\u00e3o dos v\u00eddeos no  IV Semin\u00e1rio Estadual da Guavira: Jovens Pesquisadores 2021"},"content":{"rendered":"<p>As inscri\u00e7\u00f5es dever\u00e3o ser feitas exclusivamente\u00a0<em>online<\/em> entre <strong>08\/10\/2021<\/strong> at\u00e9 o dia <strong>15\/11\/2021 \u00e0s 23h:59min<\/strong>, atrav\u00e9s do e-mail <strong>guavirams@gmail.com<\/strong>, com assunto: Jovens Pesquisadores.<\/p>\n<p>O v\u00eddeo dever\u00e1 ter no m\u00e1ximo 5 minutos e deve ser disponibilizado no YouTube ou no Google Drive do pesquisador (com visibilidade \u201cp\u00fablica\u201d ou \u201cn\u00e3o listado\u201d). O link do v\u00eddeo deve ser fornecido por e-mail no momento da submiss\u00e3o da proposta. Os v\u00eddeos dever\u00e3o conter o Objetivo da pesquisa, sua import\u00e2ncia, Metodologia utilizada e os Resultados (finais ou parciais).<\/p>\n<p>A avalia\u00e7\u00e3o e sele\u00e7\u00e3o dos v\u00eddeos ser\u00e1 realizada pela Comiss\u00e3o Cient\u00edfica do evento e o resultado da sele\u00e7\u00e3o ser\u00e1 comunicado aos pesquisadores inscritos via e-mail, bem como divulgado no site agroextrativismosustentavel.ufms.br e m\u00eddias sociais do evento Guavira MS.<\/p>\n<p>A avalia\u00e7\u00e3o levar\u00e1 em considera\u00e7\u00e3o os seguintes crit\u00e9rios na sele\u00e7\u00e3o dos projetos:<\/p>\n<ol>\n<li>Atendimento \u00e0s normas e adequa\u00e7\u00e3o ao tema<\/li>\n<li>Contribui\u00e7\u00e3o cient\u00edfica e\/ou tecnol\u00f3gica do estudo<\/li>\n<li>Estrutura visual, organiza\u00e7\u00e3o e disposi\u00e7\u00e3o das informa\u00e7\u00f5es no v\u00eddeo<\/li>\n<li>Conte\u00fado do v\u00eddeo<\/li>\n<li>Criatividade<\/li>\n<\/ol>\n<ul>\n<li>A Organiza\u00e7\u00e3o do IV Semin\u00e1rio Estadual da Guavira n\u00e3o se responsabiliza por submiss\u00f5es n\u00e3o recebidas por motivos de ordem t\u00e9cnica, falhas nos links\/v\u00eddeos ou outros fatores que impossibilitem o recebimento dos dados ou v\u00eddeo.<\/li>\n<li>\u00c9 obrigat\u00f3ria a realiza\u00e7\u00e3o da inscri\u00e7\u00e3o no IV Semin\u00e1rio Estadual da Guavira dispon\u00edvel no link:\u00a0<a href=\"https:\/\/bit.ly\/3Gv2HDn\">https:\/\/bit.ly\/3Gv2HDn<\/a><\/li>\n<li>O autor e demais coautores devem manifestar ci\u00eancia e autoriza\u00e7\u00e3o sobre a veicula\u00e7\u00e3o dos v\u00eddeos durante o evento. O conte\u00fado dos v\u00eddeos \u00e9 de inteira responsabilidade dos autores.<\/li>\n<\/ul>\n","protected":false},"excerpt":{"rendered":"<p>As inscri\u00e7\u00f5es dever\u00e3o ser feitas exclusivamente\u00a0online entre 08\/10\/2021 at\u00e9 o dia 15\/11\/2021 \u00e0s 23h:59min, atrav\u00e9s do e-mail guavirams@gmail.com, com assunto: Jovens Pesquisadores. O v\u00eddeo dever\u00e1 ter no m\u00e1ximo 5 minutos e deve ser disponibilizado no YouTube ou no Google Drive do pesquisador (com visibilidade \u201cp\u00fablica\u201d ou \u201cn\u00e3o listado\u201d). O link do v\u00eddeo deve ser fornecido [&hellip;]<\/p>\n","protected":false},"author":13405,"featured_media":0,"parent":0,"menu_order":0,"comment_status":"closed","ping_status":"closed","template":"","meta":{"ngg_post_thumbnail":0,"footnotes":""},"coauthors":[],"class_list":["post-955","page","type-page","status-publish","hentry"],"_links":{"self":[{"href":"https:\/\/agroextrativismosustentavel.ufms.br\/en\/wp-json\/wp\/v2\/pages\/955","targetHints":{"allow":["GET"]}}],"collection":[{"href":"https:\/\/agroextrativismosustentavel.ufms.br\/en\/wp-json\/wp\/v2\/pages"}],"about":[{"href":"https:\/\/agroextrativismosustentavel.ufms.br\/en\/wp-json\/wp\/v2\/types\/page"}],"author":[{"embeddable":true,"href":"https:\/\/agroextrativismosustentavel.ufms.br\/en\/wp-json\/wp\/v2\/users\/13405"}],"replies":[{"embeddable":true,"href":"https:\/\/agroextrativismosustentavel.ufms.br\/en\/wp-json\/wp\/v2\/comments?post=955"}],"version-history":[{"count":3,"href":"https:\/\/agroextrativismosustentavel.ufms.br\/en\/wp-json\/wp\/v2\/pages\/955\/revisions"}],"predecessor-version":[{"id":1005,"href":"https:\/\/agroextrativismosustentavel.ufms.br\/en\/wp-json\/wp\/v2\/pages\/955\/revisions\/1005"}],"wp:attachment":[{"href":"https:\/\/agroextrativismosustentavel.ufms.br\/en\/wp-json\/wp\/v2\/media?parent=955"}],"wp:term":[{"taxonomy":"author","embeddable":true,"href":"https:\/\/agroextrativismosustentavel.ufms.br\/en\/wp-json\/wp\/v2\/coauthors?post=955"}],"curies":[{"name":"wp","href":"https:\/\/api.w.org\/{rel}","templated":true}]}}