{"id":951,"date":"2021-10-29T10:53:10","date_gmt":"2021-10-29T14:53:10","guid":{"rendered":"https:\/\/agroextrativismosustentavel.ufms.br\/?page_id=951"},"modified":"2021-11-04T09:29:56","modified_gmt":"2021-11-04T13:29:56","slug":"iv-seminario-estadual-da-guavira-agrofloresteie","status":"publish","type":"page","link":"https:\/\/agroextrativismosustentavel.ufms.br\/en\/iv-seminario-estadual-da-guavira-agrofloresteie\/","title":{"rendered":"IV SEMIN\u00c1RIO ESTADUAL DA GUAVIRA: AGROFLORESTEIE 2021"},"content":{"rendered":"<p>A Lei Estadual N\u00ba 5.082 declara a Guavira (<em>Campomanesia spp<\/em>.) como Fruto S\u00edmbolo do MS em 07 de novembro de 2017. Desde ent\u00e3o foi iniciada uma articula\u00e7\u00e3o coletiva a partir de representantes das seguintes Institui\u00e7\u00f5es: FIOCRUZ MS, AGRAER, UFMS, UNIDERP, UCDB, UFGD, UEMS, Secretarias Estaduais de Cultura, Turismo, Ci\u00eancia e Tecnologia, SEBRAE e representantes da Assembleia Legislativa para realiza\u00e7\u00e3o do Semin\u00e1rio Estadual da Guavira que vem ocorrendo anualmente desde 2018.<br \/>\nEste evento visa fomentar estudos t\u00e9cnico-cient\u00edficos para produ\u00e7\u00e3o de mudas, cultivo e gera\u00e7\u00e3o de novos produtos a partir da Guavira, assim como incentivar importante aproxima\u00e7\u00e3o com as comunidades rurais e consumidores para a valoriza\u00e7\u00e3o de sistemas alimentares sustent\u00e1veis a partir da cultura local.<\/p>\n<p><strong>O IV Semin\u00e1rio Estadual da Guavira: Agrofloresteie ser\u00e1 realizado nos dias 26 e 27 de novembro de 2021.<\/strong><\/p>\n<p>Inscreva-se j\u00e1 pelo link:\u00a0<a href=\"https:\/\/bit.ly\/3Gv2HDn\">https:\/\/bit.ly\/3Gv2HDn<\/a><\/p>\n","protected":false},"excerpt":{"rendered":"<p>A Lei Estadual N\u00ba 5.082 declara a Guavira (Campomanesia spp.) como Fruto S\u00edmbolo do MS em 07 de novembro de 2017. Desde ent\u00e3o foi iniciada uma articula\u00e7\u00e3o coletiva a partir de representantes das seguintes Institui\u00e7\u00f5es: FIOCRUZ MS, AGRAER, UFMS, UNIDERP, UCDB, UFGD, UEMS, Secretarias Estaduais de Cultura, Turismo, Ci\u00eancia e Tecnologia, SEBRAE e representantes da [&hellip;]<\/p>\n","protected":false},"author":13405,"featured_media":928,"parent":0,"menu_order":0,"comment_status":"closed","ping_status":"closed","template":"","meta":{"ngg_post_thumbnail":0,"footnotes":""},"coauthors":[],"class_list":["post-951","page","type-page","status-publish","has-post-thumbnail","hentry"],"_links":{"self":[{"href":"https:\/\/agroextrativismosustentavel.ufms.br\/en\/wp-json\/wp\/v2\/pages\/951","targetHints":{"allow":["GET"]}}],"collection":[{"href":"https:\/\/agroextrativismosustentavel.ufms.br\/en\/wp-json\/wp\/v2\/pages"}],"about":[{"href":"https:\/\/agroextrativismosustentavel.ufms.br\/en\/wp-json\/wp\/v2\/types\/page"}],"author":[{"embeddable":true,"href":"https:\/\/agroextrativismosustentavel.ufms.br\/en\/wp-json\/wp\/v2\/users\/13405"}],"replies":[{"embeddable":true,"href":"https:\/\/agroextrativismosustentavel.ufms.br\/en\/wp-json\/wp\/v2\/comments?post=951"}],"version-history":[{"count":2,"href":"https:\/\/agroextrativismosustentavel.ufms.br\/en\/wp-json\/wp\/v2\/pages\/951\/revisions"}],"predecessor-version":[{"id":971,"href":"https:\/\/agroextrativismosustentavel.ufms.br\/en\/wp-json\/wp\/v2\/pages\/951\/revisions\/971"}],"wp:featuredmedia":[{"embeddable":true,"href":"https:\/\/agroextrativismosustentavel.ufms.br\/en\/wp-json\/wp\/v2\/media\/928"}],"wp:attachment":[{"href":"https:\/\/agroextrativismosustentavel.ufms.br\/en\/wp-json\/wp\/v2\/media?parent=951"}],"wp:term":[{"taxonomy":"author","embeddable":true,"href":"https:\/\/agroextrativismosustentavel.ufms.br\/en\/wp-json\/wp\/v2\/coauthors?post=951"}],"curies":[{"name":"wp","href":"https:\/\/api.w.org\/{rel}","templated":true}]}}