{"id":68,"date":"2020-09-25T16:56:45","date_gmt":"2020-09-25T20:56:45","guid":{"rendered":"https:\/\/agroextrativismosustentavel.ufms.br\/?page_id=68"},"modified":"2020-10-07T22:26:54","modified_gmt":"2020-10-08T02:26:54","slug":"produtos-do-agroextrativismo","status":"publish","type":"page","link":"https:\/\/agroextrativismosustentavel.ufms.br\/en\/produtos-do-agroextrativismo\/","title":{"rendered":"Produtos do agroextrativismo"},"content":{"rendered":"<p>Os produtos oriundos do agroextrativismo s\u00e3o diversificados e o seu processamento e transforma\u00e7\u00e3o em produtos aliment\u00edcios e medicinais demonstram a potencialidade da agrobiodiversidade do estado do Mato Grosso do Sul. Nessa p\u00e1gina, exibiremos alguns produtos produzidos pelas comunidades participantes.<\/p>\n<div id=\"attachment_85\" style=\"width: 310px\" class=\"wp-caption alignnone\"><img fetchpriority=\"high\" decoding=\"async\" aria-describedby=\"caption-attachment-85\" class=\"wp-image-85 size-medium\" src=\"https:\/\/agroextrativismosustentavel.ufms.br\/files\/2020\/09\/N\u00facleo-Ser-Vir-a-Vida-Miranda-2-300x258.jpeg\" alt=\"\" width=\"300\" height=\"258\" srcset=\"https:\/\/agroextrativismosustentavel.ufms.br\/files\/2020\/09\/N\u00facleo-Ser-Vir-a-Vida-Miranda-2-300x258.jpeg 300w, https:\/\/agroextrativismosustentavel.ufms.br\/files\/2020\/09\/N\u00facleo-Ser-Vir-a-Vida-Miranda-2-768x661.jpeg 768w, https:\/\/agroextrativismosustentavel.ufms.br\/files\/2020\/09\/N\u00facleo-Ser-Vir-a-Vida-Miranda-2-372x320.jpeg 372w, https:\/\/agroextrativismosustentavel.ufms.br\/files\/2020\/09\/N\u00facleo-Ser-Vir-a-Vida-Miranda-2.jpeg 994w\" sizes=\"(max-width: 300px) 100vw, 300px\" \/><p id=\"caption-attachment-85\" class=\"wp-caption-text\">Produtos do N\u00facleo Ser Vir a Vida &#8211; Miranda (Foto: N\u00facleo Ser Vir a Vida)<\/p><\/div>\n<div id=\"attachment_86\" style=\"width: 310px\" class=\"wp-caption alignnone\"><img decoding=\"async\" aria-describedby=\"caption-attachment-86\" class=\"wp-image-86 size-medium\" src=\"https:\/\/agroextrativismosustentavel.ufms.br\/files\/2020\/09\/N\u00facleo-Ser-Vir-a-Vida-Miranda-300x225.jpeg\" alt=\"\" width=\"300\" height=\"225\" srcset=\"https:\/\/agroextrativismosustentavel.ufms.br\/files\/2020\/09\/N\u00facleo-Ser-Vir-a-Vida-Miranda-300x225.jpeg 300w, https:\/\/agroextrativismosustentavel.ufms.br\/files\/2020\/09\/N\u00facleo-Ser-Vir-a-Vida-Miranda-768x576.jpeg 768w, https:\/\/agroextrativismosustentavel.ufms.br\/files\/2020\/09\/N\u00facleo-Ser-Vir-a-Vida-Miranda-1024x768.jpeg 1024w, https:\/\/agroextrativismosustentavel.ufms.br\/files\/2020\/09\/N\u00facleo-Ser-Vir-a-Vida-Miranda-427x320.jpeg 427w, https:\/\/agroextrativismosustentavel.ufms.br\/files\/2020\/09\/N\u00facleo-Ser-Vir-a-Vida-Miranda.jpeg 1280w\" sizes=\"(max-width: 300px) 100vw, 300px\" \/><p id=\"caption-attachment-86\" class=\"wp-caption-text\">Produtos do N\u00facleo Ser Vir a Vida &#8211; Miranda (Foto: N\u00facleo Ser Vir a Vida)<\/p><\/div>\n<div style=\"width: 310px\" class=\"wp-caption alignnone\"><img decoding=\"async\" class=\"wp-image-84 size-medium\" src=\"https:\/\/agroextrativismosustentavel.ufms.br\/files\/2020\/09\/Aldeia-La-Lima-Genildo-e-Joacira-300x225.jpeg\" alt=\"\" width=\"300\" height=\"225\" srcset=\"https:\/\/agroextrativismosustentavel.ufms.br\/files\/2020\/09\/Aldeia-La-Lima-Genildo-e-Joacira-300x225.jpeg 300w, https:\/\/agroextrativismosustentavel.ufms.br\/files\/2020\/09\/Aldeia-La-Lima-Genildo-e-Joacira-768x575.jpeg 768w, https:\/\/agroextrativismosustentavel.ufms.br\/files\/2020\/09\/Aldeia-La-Lima-Genildo-e-Joacira-1024x767.jpeg 1024w, https:\/\/agroextrativismosustentavel.ufms.br\/files\/2020\/09\/Aldeia-La-Lima-Genildo-e-Joacira-427x320.jpeg 427w, https:\/\/agroextrativismosustentavel.ufms.br\/files\/2020\/09\/Aldeia-La-Lima-Genildo-e-Joacira.jpeg 1280w\" sizes=\"(max-width: 300px) 100vw, 300px\" \/><p class=\"wp-caption-text\">Produtos da Aldeia La Lima (Foto: Genildo e Joacira)<\/p><\/div>\n<div id=\"attachment_116\" style=\"width: 149px\" class=\"wp-caption alignnone\"><img loading=\"lazy\" decoding=\"async\" aria-describedby=\"caption-attachment-116\" class=\"wp-image-116 size-medium\" src=\"https:\/\/agroextrativismosustentavel.ufms.br\/files\/2020\/10\/WhatsApp-Image-2020-09-25-at-13.52.50-139x300.jpeg\" alt=\"\" width=\"139\" height=\"300\" srcset=\"https:\/\/agroextrativismosustentavel.ufms.br\/files\/2020\/10\/WhatsApp-Image-2020-09-25-at-13.52.50-139x300.jpeg 139w, https:\/\/agroextrativismosustentavel.ufms.br\/files\/2020\/10\/WhatsApp-Image-2020-09-25-at-13.52.50-473x1024.jpeg 473w, https:\/\/agroextrativismosustentavel.ufms.br\/files\/2020\/10\/WhatsApp-Image-2020-09-25-at-13.52.50-148x320.jpeg 148w, https:\/\/agroextrativismosustentavel.ufms.br\/files\/2020\/10\/WhatsApp-Image-2020-09-25-at-13.52.50.jpeg 532w\" sizes=\"(max-width: 139px) 100vw, 139px\" \/><p id=\"caption-attachment-116\" class=\"wp-caption-text\">Bocai\u00fava desidratada (Foto: Dona \u00c9lida &#8211; Bonito\/MS)<\/p><\/div>\n<div id=\"attachment_119\" style=\"width: 149px\" class=\"wp-caption alignnone\"><img loading=\"lazy\" decoding=\"async\" aria-describedby=\"caption-attachment-119\" class=\"wp-image-119 size-medium\" src=\"https:\/\/agroextrativismosustentavel.ufms.br\/files\/2020\/10\/WhatsApp-Image-2020-09-25-at-13.52.53-139x300.jpeg\" alt=\"\" width=\"139\" height=\"300\" srcset=\"https:\/\/agroextrativismosustentavel.ufms.br\/files\/2020\/10\/WhatsApp-Image-2020-09-25-at-13.52.53-139x300.jpeg 139w, https:\/\/agroextrativismosustentavel.ufms.br\/files\/2020\/10\/WhatsApp-Image-2020-09-25-at-13.52.53-473x1024.jpeg 473w, https:\/\/agroextrativismosustentavel.ufms.br\/files\/2020\/10\/WhatsApp-Image-2020-09-25-at-13.52.53-148x320.jpeg 148w, https:\/\/agroextrativismosustentavel.ufms.br\/files\/2020\/10\/WhatsApp-Image-2020-09-25-at-13.52.53.jpeg 532w\" sizes=\"(max-width: 139px) 100vw, 139px\" \/><p id=\"caption-attachment-119\" class=\"wp-caption-text\">(Foto: Dona \u00c9lida &#8211; Bonito\/MS<\/p><\/div>\n<div id=\"attachment_112\" style=\"width: 149px\" class=\"wp-caption alignnone\"><img loading=\"lazy\" decoding=\"async\" aria-describedby=\"caption-attachment-112\" class=\"wp-image-112 size-medium\" src=\"https:\/\/agroextrativismosustentavel.ufms.br\/files\/2020\/10\/WhatsApp-Image-2020-09-25-at-13.44.45-139x300.jpeg\" alt=\"\" width=\"139\" height=\"300\" srcset=\"https:\/\/agroextrativismosustentavel.ufms.br\/files\/2020\/10\/WhatsApp-Image-2020-09-25-at-13.44.45-139x300.jpeg 139w, https:\/\/agroextrativismosustentavel.ufms.br\/files\/2020\/10\/WhatsApp-Image-2020-09-25-at-13.44.45-473x1024.jpeg 473w, https:\/\/agroextrativismosustentavel.ufms.br\/files\/2020\/10\/WhatsApp-Image-2020-09-25-at-13.44.45-148x320.jpeg 148w, https:\/\/agroextrativismosustentavel.ufms.br\/files\/2020\/10\/WhatsApp-Image-2020-09-25-at-13.44.45.jpeg 532w\" sizes=\"(max-width: 139px) 100vw, 139px\" \/><p id=\"caption-attachment-112\" class=\"wp-caption-text\">Especiaria da guavira (Foto: Dona \u00c9lida &#8211; Bonito\/MS)<\/p><\/div>\n<div id=\"attachment_113\" style=\"width: 149px\" class=\"wp-caption alignnone\"><img loading=\"lazy\" decoding=\"async\" aria-describedby=\"caption-attachment-113\" class=\"wp-image-113 size-medium\" src=\"https:\/\/agroextrativismosustentavel.ufms.br\/files\/2020\/10\/WhatsApp-Image-2020-09-25-at-13.44.46-139x300.jpeg\" alt=\"\" width=\"139\" height=\"300\" srcset=\"https:\/\/agroextrativismosustentavel.ufms.br\/files\/2020\/10\/WhatsApp-Image-2020-09-25-at-13.44.46-139x300.jpeg 139w, https:\/\/agroextrativismosustentavel.ufms.br\/files\/2020\/10\/WhatsApp-Image-2020-09-25-at-13.44.46-473x1024.jpeg 473w, https:\/\/agroextrativismosustentavel.ufms.br\/files\/2020\/10\/WhatsApp-Image-2020-09-25-at-13.44.46-148x320.jpeg 148w, https:\/\/agroextrativismosustentavel.ufms.br\/files\/2020\/10\/WhatsApp-Image-2020-09-25-at-13.44.46.jpeg 532w\" sizes=\"(max-width: 139px) 100vw, 139px\" \/><p id=\"caption-attachment-113\" class=\"wp-caption-text\">Jaracati\u00e1 ((Foto: Dona \u00c9lida &#8211; Bonito\/MS)<\/p><\/div>\n<div id=\"attachment_114\" style=\"width: 149px\" class=\"wp-caption alignnone\"><img loading=\"lazy\" decoding=\"async\" aria-describedby=\"caption-attachment-114\" class=\"wp-image-114 size-medium\" src=\"https:\/\/agroextrativismosustentavel.ufms.br\/files\/2020\/10\/WhatsApp-Image-2020-09-25-at-13.44.48-1-139x300.jpeg\" alt=\"\" width=\"139\" height=\"300\" srcset=\"https:\/\/agroextrativismosustentavel.ufms.br\/files\/2020\/10\/WhatsApp-Image-2020-09-25-at-13.44.48-1-139x300.jpeg 139w, https:\/\/agroextrativismosustentavel.ufms.br\/files\/2020\/10\/WhatsApp-Image-2020-09-25-at-13.44.48-1-473x1024.jpeg 473w, https:\/\/agroextrativismosustentavel.ufms.br\/files\/2020\/10\/WhatsApp-Image-2020-09-25-at-13.44.48-1-148x320.jpeg 148w, https:\/\/agroextrativismosustentavel.ufms.br\/files\/2020\/10\/WhatsApp-Image-2020-09-25-at-13.44.48-1.jpeg 532w\" sizes=\"(max-width: 139px) 100vw, 139px\" \/><p id=\"caption-attachment-114\" class=\"wp-caption-text\">Farinha de bocai\u00fava (Foto: Dona \u00c9lida &#8211; Bonito\/MS)<\/p><\/div>\n<div id=\"attachment_115\" style=\"width: 149px\" class=\"wp-caption alignnone\"><img loading=\"lazy\" decoding=\"async\" aria-describedby=\"caption-attachment-115\" class=\"wp-image-115 size-medium\" src=\"https:\/\/agroextrativismosustentavel.ufms.br\/files\/2020\/10\/WhatsApp-Image-2020-09-25-at-13.44.48-139x300.jpeg\" alt=\"\" width=\"139\" height=\"300\" srcset=\"https:\/\/agroextrativismosustentavel.ufms.br\/files\/2020\/10\/WhatsApp-Image-2020-09-25-at-13.44.48-139x300.jpeg 139w, https:\/\/agroextrativismosustentavel.ufms.br\/files\/2020\/10\/WhatsApp-Image-2020-09-25-at-13.44.48-473x1024.jpeg 473w, https:\/\/agroextrativismosustentavel.ufms.br\/files\/2020\/10\/WhatsApp-Image-2020-09-25-at-13.44.48-148x320.jpeg 148w, https:\/\/agroextrativismosustentavel.ufms.br\/files\/2020\/10\/WhatsApp-Image-2020-09-25-at-13.44.48.jpeg 532w\" sizes=\"(max-width: 139px) 100vw, 139px\" \/><p id=\"caption-attachment-115\" class=\"wp-caption-text\">Farinha de jatob\u00e1 (Foto: Dona \u00c9lida &#8211; Bonito\/MS)<\/p><\/div>\n<div id=\"attachment_117\" style=\"width: 149px\" class=\"wp-caption alignnone\"><img loading=\"lazy\" decoding=\"async\" aria-describedby=\"caption-attachment-117\" class=\"wp-image-117 size-medium\" src=\"https:\/\/agroextrativismosustentavel.ufms.br\/files\/2020\/10\/WhatsApp-Image-2020-09-25-at-13.52.51-139x300.jpeg\" alt=\"\" width=\"139\" height=\"300\" srcset=\"https:\/\/agroextrativismosustentavel.ufms.br\/files\/2020\/10\/WhatsApp-Image-2020-09-25-at-13.52.51-139x300.jpeg 139w, https:\/\/agroextrativismosustentavel.ufms.br\/files\/2020\/10\/WhatsApp-Image-2020-09-25-at-13.52.51-473x1024.jpeg 473w, https:\/\/agroextrativismosustentavel.ufms.br\/files\/2020\/10\/WhatsApp-Image-2020-09-25-at-13.52.51-148x320.jpeg 148w, https:\/\/agroextrativismosustentavel.ufms.br\/files\/2020\/10\/WhatsApp-Image-2020-09-25-at-13.52.51.jpeg 532w\" sizes=\"(max-width: 139px) 100vw, 139px\" \/><p id=\"caption-attachment-117\" class=\"wp-caption-text\">(Foto: Dona \u00c9lida &#8211; Bonito\/MS)<\/p><\/div>\n<div id=\"attachment_118\" style=\"width: 149px\" class=\"wp-caption alignnone\"><img loading=\"lazy\" decoding=\"async\" aria-describedby=\"caption-attachment-118\" class=\"wp-image-118 size-medium\" src=\"https:\/\/agroextrativismosustentavel.ufms.br\/files\/2020\/10\/WhatsApp-Image-2020-09-25-at-13.52.52-139x300.jpeg\" alt=\"\" width=\"139\" height=\"300\" srcset=\"https:\/\/agroextrativismosustentavel.ufms.br\/files\/2020\/10\/WhatsApp-Image-2020-09-25-at-13.52.52-139x300.jpeg 139w, https:\/\/agroextrativismosustentavel.ufms.br\/files\/2020\/10\/WhatsApp-Image-2020-09-25-at-13.52.52-473x1024.jpeg 473w, https:\/\/agroextrativismosustentavel.ufms.br\/files\/2020\/10\/WhatsApp-Image-2020-09-25-at-13.52.52-148x320.jpeg 148w, https:\/\/agroextrativismosustentavel.ufms.br\/files\/2020\/10\/WhatsApp-Image-2020-09-25-at-13.52.52.jpeg 532w\" sizes=\"(max-width: 139px) 100vw, 139px\" \/><p id=\"caption-attachment-118\" class=\"wp-caption-text\">(Foto: Dona \u00c9lida &#8211; Bonito\/MS)<\/p><\/div>\n<div id=\"attachment_126\" style=\"width: 310px\" class=\"wp-caption alignnone\"><img loading=\"lazy\" decoding=\"async\" aria-describedby=\"caption-attachment-126\" class=\"wp-image-126 size-medium\" src=\"https:\/\/agroextrativismosustentavel.ufms.br\/files\/2020\/10\/Produtos-Aldeia-La-lima-e-Mae-terra-300x225.jpeg\" alt=\"\" width=\"300\" height=\"225\" srcset=\"https:\/\/agroextrativismosustentavel.ufms.br\/files\/2020\/10\/Produtos-Aldeia-La-lima-e-Mae-terra-300x225.jpeg 300w, https:\/\/agroextrativismosustentavel.ufms.br\/files\/2020\/10\/Produtos-Aldeia-La-lima-e-Mae-terra-768x576.jpeg 768w, https:\/\/agroextrativismosustentavel.ufms.br\/files\/2020\/10\/Produtos-Aldeia-La-lima-e-Mae-terra-1024x768.jpeg 1024w, https:\/\/agroextrativismosustentavel.ufms.br\/files\/2020\/10\/Produtos-Aldeia-La-lima-e-Mae-terra-427x320.jpeg 427w, https:\/\/agroextrativismosustentavel.ufms.br\/files\/2020\/10\/Produtos-Aldeia-La-lima-e-Mae-terra.jpeg 1152w\" sizes=\"(max-width: 300px) 100vw, 300px\" \/><p id=\"caption-attachment-126\" class=\"wp-caption-text\">Produtos Aldeia La Lima (Foto: Raquel Pires)<\/p><\/div>\n<div id=\"attachment_125\" style=\"width: 310px\" class=\"wp-caption alignnone\"><img loading=\"lazy\" decoding=\"async\" aria-describedby=\"caption-attachment-125\" class=\"wp-image-125 size-medium\" src=\"https:\/\/agroextrativismosustentavel.ufms.br\/files\/2020\/10\/Polpa-de-baru-Aldeia-La-Lima-e-Mae-terra-300x225.jpeg\" alt=\"\" width=\"300\" height=\"225\" srcset=\"https:\/\/agroextrativismosustentavel.ufms.br\/files\/2020\/10\/Polpa-de-baru-Aldeia-La-Lima-e-Mae-terra-300x225.jpeg 300w, https:\/\/agroextrativismosustentavel.ufms.br\/files\/2020\/10\/Polpa-de-baru-Aldeia-La-Lima-e-Mae-terra-768x576.jpeg 768w, https:\/\/agroextrativismosustentavel.ufms.br\/files\/2020\/10\/Polpa-de-baru-Aldeia-La-Lima-e-Mae-terra-1024x768.jpeg 1024w, https:\/\/agroextrativismosustentavel.ufms.br\/files\/2020\/10\/Polpa-de-baru-Aldeia-La-Lima-e-Mae-terra-427x320.jpeg 427w, https:\/\/agroextrativismosustentavel.ufms.br\/files\/2020\/10\/Polpa-de-baru-Aldeia-La-Lima-e-Mae-terra.jpeg 1152w\" sizes=\"(max-width: 300px) 100vw, 300px\" \/><p id=\"caption-attachment-125\" class=\"wp-caption-text\">Polpa de baru (Foto: Raquel Pires)<\/p><\/div>\n<div id=\"attachment_122\" style=\"width: 179px\" class=\"wp-caption alignnone\"><img loading=\"lazy\" decoding=\"async\" aria-describedby=\"caption-attachment-122\" class=\"wp-image-122 size-medium\" src=\"https:\/\/agroextrativismosustentavel.ufms.br\/files\/2020\/10\/Farinha-de-bocai\u00fava-Prof-Raquel-Aldeia-La-Lima-169x300.jpeg\" alt=\"\" width=\"169\" height=\"300\" srcset=\"https:\/\/agroextrativismosustentavel.ufms.br\/files\/2020\/10\/Farinha-de-bocai\u00fava-Prof-Raquel-Aldeia-La-Lima-169x300.jpeg 169w, https:\/\/agroextrativismosustentavel.ufms.br\/files\/2020\/10\/Farinha-de-bocai\u00fava-Prof-Raquel-Aldeia-La-Lima-576x1024.jpeg 576w, https:\/\/agroextrativismosustentavel.ufms.br\/files\/2020\/10\/Farinha-de-bocai\u00fava-Prof-Raquel-Aldeia-La-Lima-180x320.jpeg 180w, https:\/\/agroextrativismosustentavel.ufms.br\/files\/2020\/10\/Farinha-de-bocai\u00fava-Prof-Raquel-Aldeia-La-Lima.jpeg 648w\" sizes=\"(max-width: 169px) 100vw, 169px\" \/><p id=\"caption-attachment-122\" class=\"wp-caption-text\">Farinha de bocai\u00fava (Foto: Raquel Pires)<\/p><\/div>\n<div id=\"attachment_121\" style=\"width: 179px\" class=\"wp-caption alignnone\"><img loading=\"lazy\" decoding=\"async\" aria-describedby=\"caption-attachment-121\" class=\"wp-image-121 size-medium\" src=\"https:\/\/agroextrativismosustentavel.ufms.br\/files\/2020\/10\/Especiaria-da-guavira-Prof.-Raquel-169x300.jpeg\" alt=\"\" width=\"169\" height=\"300\" srcset=\"https:\/\/agroextrativismosustentavel.ufms.br\/files\/2020\/10\/Especiaria-da-guavira-Prof.-Raquel-169x300.jpeg 169w, https:\/\/agroextrativismosustentavel.ufms.br\/files\/2020\/10\/Especiaria-da-guavira-Prof.-Raquel-576x1024.jpeg 576w, https:\/\/agroextrativismosustentavel.ufms.br\/files\/2020\/10\/Especiaria-da-guavira-Prof.-Raquel-180x320.jpeg 180w, https:\/\/agroextrativismosustentavel.ufms.br\/files\/2020\/10\/Especiaria-da-guavira-Prof.-Raquel.jpeg 648w\" sizes=\"(max-width: 169px) 100vw, 169px\" \/><p id=\"caption-attachment-121\" class=\"wp-caption-text\">Especiaria da guavira (Foto: Raquel Pires)<\/p><\/div>\n<div id=\"attachment_130\" style=\"width: 235px\" class=\"wp-caption alignnone\"><img loading=\"lazy\" decoding=\"async\" aria-describedby=\"caption-attachment-130\" class=\"wp-image-130 size-medium\" src=\"https:\/\/agroextrativismosustentavel.ufms.br\/files\/2020\/10\/\u00d3leo-de-amendoa-de-bocai\u00fava-_-Aldeia-La-Lima-e-Mae-terra-1-225x300.jpeg\" alt=\"\" width=\"225\" height=\"300\" srcset=\"https:\/\/agroextrativismosustentavel.ufms.br\/files\/2020\/10\/\u00d3leo-de-amendoa-de-bocai\u00fava-_-Aldeia-La-Lima-e-Mae-terra-1-225x300.jpeg 225w, https:\/\/agroextrativismosustentavel.ufms.br\/files\/2020\/10\/\u00d3leo-de-amendoa-de-bocai\u00fava-_-Aldeia-La-Lima-e-Mae-terra-1-768x1024.jpeg 768w, https:\/\/agroextrativismosustentavel.ufms.br\/files\/2020\/10\/\u00d3leo-de-amendoa-de-bocai\u00fava-_-Aldeia-La-Lima-e-Mae-terra-1-240x320.jpeg 240w, https:\/\/agroextrativismosustentavel.ufms.br\/files\/2020\/10\/\u00d3leo-de-amendoa-de-bocai\u00fava-_-Aldeia-La-Lima-e-Mae-terra-1.jpeg 864w\" sizes=\"(max-width: 225px) 100vw, 225px\" \/><p id=\"caption-attachment-130\" class=\"wp-caption-text\">\u00d3leo de bocai\u00fava (Foto: Raquel Pires)<\/p><\/div>\n<div id=\"attachment_124\" style=\"width: 310px\" class=\"wp-caption alignnone\"><img loading=\"lazy\" decoding=\"async\" aria-describedby=\"caption-attachment-124\" class=\"wp-image-124 size-medium\" src=\"https:\/\/agroextrativismosustentavel.ufms.br\/files\/2020\/10\/Palmito-da-bocai\u00fava-300x225.jpeg\" alt=\"\" width=\"300\" height=\"225\" srcset=\"https:\/\/agroextrativismosustentavel.ufms.br\/files\/2020\/10\/Palmito-da-bocai\u00fava-300x225.jpeg 300w, https:\/\/agroextrativismosustentavel.ufms.br\/files\/2020\/10\/Palmito-da-bocai\u00fava-768x576.jpeg 768w, https:\/\/agroextrativismosustentavel.ufms.br\/files\/2020\/10\/Palmito-da-bocai\u00fava-1024x768.jpeg 1024w, https:\/\/agroextrativismosustentavel.ufms.br\/files\/2020\/10\/Palmito-da-bocai\u00fava-427x320.jpeg 427w, https:\/\/agroextrativismosustentavel.ufms.br\/files\/2020\/10\/Palmito-da-bocai\u00fava.jpeg 1152w\" sizes=\"(max-width: 300px) 100vw, 300px\" \/><p id=\"caption-attachment-124\" class=\"wp-caption-text\">Palmito de bocai\u00fava (Foto: Raquel Pires)<\/p><\/div>\n","protected":false},"excerpt":{"rendered":"<p>Os produtos oriundos do agroextrativismo s\u00e3o diversificados e o seu processamento e transforma\u00e7\u00e3o em produtos aliment\u00edcios e medicinais demonstram a potencialidade da agrobiodiversidade do estado do Mato Grosso do Sul. Nessa p\u00e1gina, exibiremos alguns produtos produzidos pelas comunidades participantes.<\/p>\n","protected":false},"author":40747,"featured_media":122,"parent":0,"menu_order":0,"comment_status":"closed","ping_status":"closed","template":"","meta":{"ngg_post_thumbnail":0,"footnotes":""},"coauthors":[],"class_list":["post-68","page","type-page","status-publish","has-post-thumbnail","hentry"],"_links":{"self":[{"href":"https:\/\/agroextrativismosustentavel.ufms.br\/en\/wp-json\/wp\/v2\/pages\/68","targetHints":{"allow":["GET"]}}],"collection":[{"href":"https:\/\/agroextrativismosustentavel.ufms.br\/en\/wp-json\/wp\/v2\/pages"}],"about":[{"href":"https:\/\/agroextrativismosustentavel.ufms.br\/en\/wp-json\/wp\/v2\/types\/page"}],"author":[{"embeddable":true,"href":"https:\/\/agroextrativismosustentavel.ufms.br\/en\/wp-json\/wp\/v2\/users\/40747"}],"replies":[{"embeddable":true,"href":"https:\/\/agroextrativismosustentavel.ufms.br\/en\/wp-json\/wp\/v2\/comments?post=68"}],"version-history":[{"count":8,"href":"https:\/\/agroextrativismosustentavel.ufms.br\/en\/wp-json\/wp\/v2\/pages\/68\/revisions"}],"predecessor-version":[{"id":90,"href":"https:\/\/agroextrativismosustentavel.ufms.br\/en\/wp-json\/wp\/v2\/pages\/68\/revisions\/90"}],"wp:featuredmedia":[{"embeddable":true,"href":"https:\/\/agroextrativismosustentavel.ufms.br\/en\/wp-json\/wp\/v2\/media\/122"}],"wp:attachment":[{"href":"https:\/\/agroextrativismosustentavel.ufms.br\/en\/wp-json\/wp\/v2\/media?parent=68"}],"wp:term":[{"taxonomy":"author","embeddable":true,"href":"https:\/\/agroextrativismosustentavel.ufms.br\/en\/wp-json\/wp\/v2\/coauthors?post=68"}],"curies":[{"name":"wp","href":"https:\/\/api.w.org\/{rel}","templated":true}]}}