{"id":618,"date":"2021-05-12T22:43:27","date_gmt":"2021-05-13T02:43:27","guid":{"rendered":"https:\/\/agroextrativismosustentavel.ufms.br\/?page_id=618"},"modified":"2021-08-20T20:40:10","modified_gmt":"2021-08-21T00:40:10","slug":"videos","status":"publish","type":"page","link":"https:\/\/agroextrativismosustentavel.ufms.br\/en\/videos\/","title":{"rendered":"V\u00eddeos"},"content":{"rendered":"<p>O projeto Agroextrativismo Sustent\u00e1vel possui um canal no youtube. Para acessar, clique\u00a0<a href=\"https:\/\/www.youtube.com\/channel\/UCPcGwYL1ukrMnObe-jT7O3A\" target=\"_blank\" rel=\"noopener noreferrer\">aqui<\/a><\/p>\n<p>Abaixo, separamos os v\u00eddeos dispon\u00edveis por playlist para que voc\u00ea possa acessar diretamente. Basta clicar sobre o t\u00edtulo.<\/p>\n<p>Ciclo de Debates:<\/p>\n<p>1) <a href=\"https:\/\/www.youtube.com\/watch?v=r-9cd1Vt6Ko\" target=\"_blank\" rel=\"noopener noreferrer\">I Ciclo de Debates, cujo tema foi &#8220;Mercado institucional para os produtos do agroextrativismo&#8221;<\/a>.<\/p>\n<p>2) <a href=\"https:\/\/www.youtube.com\/watch?v=_w0ChSJSicA\" target=\"_blank\" rel=\"noopener noreferrer\">II Ciclo de Debates, cujo tema foi &#8220;Gastronomia: sustentabilidade, sociobiodiversidade e territ\u00f3rio&#8221;.<\/a><\/p>\n<p>3) <a href=\"https:\/\/www.youtube.com\/watch?v=mw4qk1z5nRo&amp;t=13s\" target=\"_blank\" rel=\"noopener\">III Ciclo de Debates &#8211; Agroextrativismo Sustent\u00e1vel: Troca de Experi\u00eancias e Potencialidades<\/a><\/p>\n<p>4) <a href=\"https:\/\/www.youtube.com\/watch?v=pHgWBA9eInY\" target=\"_blank\" rel=\"noopener\">IV Ciclo de Debates &#8211; Sustentabilidade e Agroextrativismo Participativo<\/a><\/p>\n<p>5) <a href=\"https:\/\/www.youtube.com\/watch?v=yPw0BEuul_E&amp;t=2489s\" target=\"_blank\" rel=\"noopener noreferrer\">Debate sobre o tema &#8220;Agroextrativismo: perspectiva do desenvolvimento territorial sustent\u00e1vel em MS&#8221;.<\/a><\/p>\n<p>&nbsp;<\/p>\n<p>3o Semin\u00e1rio Estadual da Guavira<\/p>\n<p>1) <a href=\"https:\/\/www.youtube.com\/watch?v=9yxVe9GUD2A\" target=\"_blank\" rel=\"noopener noreferrer\">3o Semin\u00e1rio Estadual da Guavira &#8211; Abertura e Painel 1: Produ\u00e7\u00e3o Sustent\u00e1vel.<\/a><\/p>\n<p>2) <a href=\"https:\/\/www.youtube.com\/watch?v=zgTpFsatBOQ\" target=\"_blank\" rel=\"noopener noreferrer\">3o Semin\u00e1rio Estadual da Guavira &#8211; Painel 2: Servi\u00e7os Ambientais<\/a><\/p>\n<p>3) <a href=\"https:\/\/www.youtube.com\/watch?v=dS9k_nzEmio\" target=\"_blank\" rel=\"noopener noreferrer\">3o Semin\u00e1rio Estadual da Guavira &#8211; Painel 3: Pesquisa, Desenvolvimento e Inova\u00e7\u00e3o em Guavira<\/a><\/p>\n<p>4) <a href=\"https:\/\/www.youtube.com\/watch?v=vKliuSS98g8\" target=\"_blank\" rel=\"noopener noreferrer\">3o Semin\u00e1rio Estadual da Guavira &#8211; Painel 4: Comercializa\u00e7\u00e3o e Consumo Consciente<\/a><\/p>\n<p>&nbsp;<\/p>\n<p>V\u00eddeo-oficinas:<\/p>\n<p>1) <a href=\"https:\/\/www.youtube.com\/watch?v=VYCxWNDY2xg\" target=\"_blank\" rel=\"noopener noreferrer\">Higieniza\u00e7\u00e3o e sanitiza\u00e7\u00e3o de frutos<\/a><\/p>\n<p>2) <a href=\"https:\/\/www.youtube.com\/watch?v=yBzxf2v4UTk\" target=\"_blank\" rel=\"noopener noreferrer\">Treinamento em boas pr\u00e1ticas de fabrica\u00e7\u00e3o\u00a0<\/a><\/p>\n<p>3) <a href=\"https:\/\/www.youtube.com\/watch?v=0yNhJk_zp54\" target=\"_blank\" rel=\"noopener noreferrer\">Processamento de hortali\u00e7as minimamente processadas<\/a><\/p>\n<p>4) <a href=\"https:\/\/www.youtube.com\/watch?v=3SWFi8giSrg\" target=\"_blank\" rel=\"noopener\">V\u00eddeo oficina &#8211; Baru<\/a><\/p>\n<p>&nbsp;<\/p>\n<p>Outros conte\u00fados informativos:<\/p>\n<p>1) <a href=\"https:\/\/www.youtube.com\/watch?v=LQKTo6M0cME\" target=\"_blank\" rel=\"noopener\">Etnobot\u00e2nica<\/a><\/p>\n","protected":false},"excerpt":{"rendered":"<p>O projeto Agroextrativismo Sustent\u00e1vel possui um canal no youtube. Para acessar, clique\u00a0aqui Abaixo, separamos os v\u00eddeos dispon\u00edveis por playlist para que voc\u00ea possa acessar diretamente. Basta clicar sobre o t\u00edtulo. Ciclo de Debates: 1) I Ciclo de Debates, cujo tema foi &#8220;Mercado institucional para os produtos do agroextrativismo&#8221;. 2) II Ciclo de Debates, cujo tema [&hellip;]<\/p>\n","protected":false},"author":40747,"featured_media":0,"parent":0,"menu_order":0,"comment_status":"closed","ping_status":"closed","template":"","meta":{"ngg_post_thumbnail":0,"footnotes":""},"coauthors":[],"class_list":["post-618","page","type-page","status-publish","hentry"],"_links":{"self":[{"href":"https:\/\/agroextrativismosustentavel.ufms.br\/en\/wp-json\/wp\/v2\/pages\/618","targetHints":{"allow":["GET"]}}],"collection":[{"href":"https:\/\/agroextrativismosustentavel.ufms.br\/en\/wp-json\/wp\/v2\/pages"}],"about":[{"href":"https:\/\/agroextrativismosustentavel.ufms.br\/en\/wp-json\/wp\/v2\/types\/page"}],"author":[{"embeddable":true,"href":"https:\/\/agroextrativismosustentavel.ufms.br\/en\/wp-json\/wp\/v2\/users\/40747"}],"replies":[{"embeddable":true,"href":"https:\/\/agroextrativismosustentavel.ufms.br\/en\/wp-json\/wp\/v2\/comments?post=618"}],"version-history":[{"count":4,"href":"https:\/\/agroextrativismosustentavel.ufms.br\/en\/wp-json\/wp\/v2\/pages\/618\/revisions"}],"predecessor-version":[{"id":818,"href":"https:\/\/agroextrativismosustentavel.ufms.br\/en\/wp-json\/wp\/v2\/pages\/618\/revisions\/818"}],"wp:attachment":[{"href":"https:\/\/agroextrativismosustentavel.ufms.br\/en\/wp-json\/wp\/v2\/media?parent=618"}],"wp:term":[{"taxonomy":"author","embeddable":true,"href":"https:\/\/agroextrativismosustentavel.ufms.br\/en\/wp-json\/wp\/v2\/coauthors?post=618"}],"curies":[{"name":"wp","href":"https:\/\/api.w.org\/{rel}","templated":true}]}}