{"id":372,"date":"2021-05-07T17:25:53","date_gmt":"2021-05-07T21:25:53","guid":{"rendered":"https:\/\/agroextrativismosustentavel.ufms.br\/?page_id=372"},"modified":"2021-05-09T17:04:14","modified_gmt":"2021-05-09T21:04:14","slug":"associacao-das-mulheres-indigenas-da-aldeia-imbirussu-terra-indigena-de-taunay-aquidauana-ms","status":"publish","type":"page","link":"https:\/\/agroextrativismosustentavel.ufms.br\/en\/associacao-das-mulheres-indigenas-da-aldeia-imbirussu-terra-indigena-de-taunay-aquidauana-ms\/","title":{"rendered":"Associa\u00e7\u00e3o das Mulheres Ind\u00edgenas da Aldeia Imbirussu Vukapanavo \u2013 Terra Ind\u00edgena de Taunay &#8211; AQUIDAUANA \/ MS"},"content":{"rendered":"<p>Fundada em 24 de fevereiro de 2018, as mulheres j\u00e1 trabalhavam em pequenos grupos no m\u00e1ximo com 08 mulheres.\u00a0 Isso j\u00e1 acontecia h\u00e1 5 anos trabalhando em hortas, produ\u00e7\u00e3o de p\u00e3es e doces. Participaram de cursos de croch\u00ea, derivados de mandioca e hortali\u00e7as. Possuem padaria na aldeia, trabalham com extrativismo de frutos nativos do Cerrado e produtos processados de pequi.<\/p>\n<p>Telefone: +55 67 9667-4859<\/p>\n<p>Localiza\u00e7\u00e3o:<\/p>\n<p>Latitude: 20\u00b025&#8217;30.31&#8243;<\/p>\n<p>Longitude: 56\u00b006&#8217;82.87&#8243;<\/p>\n<p>&nbsp;<\/p>\n<div id=\"attachment_373\" style=\"width: 235px\" class=\"wp-caption alignnone\"><img fetchpriority=\"high\" decoding=\"async\" aria-describedby=\"caption-attachment-373\" class=\"wp-image-373 size-medium\" src=\"https:\/\/agroextrativismosustentavel.ufms.br\/files\/2021\/05\/aldeia-imbirussu-1-225x300.jpg\" alt=\"\" width=\"225\" height=\"300\" srcset=\"https:\/\/agroextrativismosustentavel.ufms.br\/files\/2021\/05\/aldeia-imbirussu-1-225x300.jpg 225w, https:\/\/agroextrativismosustentavel.ufms.br\/files\/2021\/05\/aldeia-imbirussu-1-240x320.jpg 240w, https:\/\/agroextrativismosustentavel.ufms.br\/files\/2021\/05\/aldeia-imbirussu-1.jpg 480w\" sizes=\"(max-width: 225px) 100vw, 225px\" \/><p id=\"caption-attachment-373\" class=\"wp-caption-text\">Associa\u00e7\u00e3o das Mulheres Ind\u00edgenas da Aldeia Imbirussu em Aquidauana (Foto: Raquel Pires Campos)<\/p><\/div>\n<div id=\"attachment_374\" style=\"width: 235px\" class=\"wp-caption alignnone\"><img decoding=\"async\" aria-describedby=\"caption-attachment-374\" class=\"wp-image-374 size-medium\" src=\"https:\/\/agroextrativismosustentavel.ufms.br\/files\/2021\/05\/aldeia-imbirussu-2-225x300.jpg\" alt=\"\" width=\"225\" height=\"300\" srcset=\"https:\/\/agroextrativismosustentavel.ufms.br\/files\/2021\/05\/aldeia-imbirussu-2-225x300.jpg 225w, https:\/\/agroextrativismosustentavel.ufms.br\/files\/2021\/05\/aldeia-imbirussu-2-240x320.jpg 240w, https:\/\/agroextrativismosustentavel.ufms.br\/files\/2021\/05\/aldeia-imbirussu-2.jpg 480w\" sizes=\"(max-width: 225px) 100vw, 225px\" \/><p id=\"caption-attachment-374\" class=\"wp-caption-text\">Associa\u00e7\u00e3o das Mulheres Ind\u00edgenas da Aldeia Imbirussu em Aquidauana (Foto: Raquel Pires Campos)<\/p><\/div>\n<div id=\"attachment_375\" style=\"width: 235px\" class=\"wp-caption alignnone\"><img decoding=\"async\" aria-describedby=\"caption-attachment-375\" class=\"wp-image-375 size-medium\" src=\"https:\/\/agroextrativismosustentavel.ufms.br\/files\/2021\/05\/Aldeia-Imbirussu-3-225x300.jpg\" alt=\"\" width=\"225\" height=\"300\" srcset=\"https:\/\/agroextrativismosustentavel.ufms.br\/files\/2021\/05\/Aldeia-Imbirussu-3-225x300.jpg 225w, https:\/\/agroextrativismosustentavel.ufms.br\/files\/2021\/05\/Aldeia-Imbirussu-3-240x320.jpg 240w, https:\/\/agroextrativismosustentavel.ufms.br\/files\/2021\/05\/Aldeia-Imbirussu-3.jpg 480w\" sizes=\"(max-width: 225px) 100vw, 225px\" \/><p id=\"caption-attachment-375\" class=\"wp-caption-text\">Associa\u00e7\u00e3o das Mulheres Ind\u00edgenas da Aldeia Imbirussu em Aquidauana (Foto: Raquel Pires Campos)<\/p><\/div>\n<div id=\"attachment_376\" style=\"width: 310px\" class=\"wp-caption alignnone\"><img loading=\"lazy\" decoding=\"async\" aria-describedby=\"caption-attachment-376\" class=\"wp-image-376 size-medium\" src=\"https:\/\/agroextrativismosustentavel.ufms.br\/files\/2021\/05\/Aldeia-Imbirussu-4-300x225.jpg\" alt=\"\" width=\"300\" height=\"225\" srcset=\"https:\/\/agroextrativismosustentavel.ufms.br\/files\/2021\/05\/Aldeia-Imbirussu-4-300x225.jpg 300w, https:\/\/agroextrativismosustentavel.ufms.br\/files\/2021\/05\/Aldeia-Imbirussu-4-427x320.jpg 427w, https:\/\/agroextrativismosustentavel.ufms.br\/files\/2021\/05\/Aldeia-Imbirussu-4.jpg 640w\" sizes=\"(max-width: 300px) 100vw, 300px\" \/><p id=\"caption-attachment-376\" class=\"wp-caption-text\">Associa\u00e7\u00e3o das Mulheres Ind\u00edgenas da Aldeia Imbirussu em Aquidauana (Foto: Raquel Pires Campos)<\/p><\/div>\n","protected":false},"excerpt":{"rendered":"<p>Fundada em 24 de fevereiro de 2018, as mulheres j\u00e1 trabalhavam em pequenos grupos no m\u00e1ximo com 08 mulheres.\u00a0 Isso j\u00e1 acontecia h\u00e1 5 anos trabalhando em hortas, produ\u00e7\u00e3o de p\u00e3es e doces. Participaram de cursos de croch\u00ea, derivados de mandioca e hortali\u00e7as. Possuem padaria na aldeia, trabalham com extrativismo de frutos nativos do Cerrado [&hellip;]<\/p>\n","protected":false},"author":40747,"featured_media":375,"parent":0,"menu_order":0,"comment_status":"closed","ping_status":"closed","template":"","meta":{"ngg_post_thumbnail":0,"footnotes":""},"coauthors":[],"class_list":["post-372","page","type-page","status-publish","has-post-thumbnail","hentry"],"_links":{"self":[{"href":"https:\/\/agroextrativismosustentavel.ufms.br\/en\/wp-json\/wp\/v2\/pages\/372","targetHints":{"allow":["GET"]}}],"collection":[{"href":"https:\/\/agroextrativismosustentavel.ufms.br\/en\/wp-json\/wp\/v2\/pages"}],"about":[{"href":"https:\/\/agroextrativismosustentavel.ufms.br\/en\/wp-json\/wp\/v2\/types\/page"}],"author":[{"embeddable":true,"href":"https:\/\/agroextrativismosustentavel.ufms.br\/en\/wp-json\/wp\/v2\/users\/40747"}],"replies":[{"embeddable":true,"href":"https:\/\/agroextrativismosustentavel.ufms.br\/en\/wp-json\/wp\/v2\/comments?post=372"}],"version-history":[{"count":4,"href":"https:\/\/agroextrativismosustentavel.ufms.br\/en\/wp-json\/wp\/v2\/pages\/372\/revisions"}],"predecessor-version":[{"id":518,"href":"https:\/\/agroextrativismosustentavel.ufms.br\/en\/wp-json\/wp\/v2\/pages\/372\/revisions\/518"}],"wp:featuredmedia":[{"embeddable":true,"href":"https:\/\/agroextrativismosustentavel.ufms.br\/en\/wp-json\/wp\/v2\/media\/375"}],"wp:attachment":[{"href":"https:\/\/agroextrativismosustentavel.ufms.br\/en\/wp-json\/wp\/v2\/media?parent=372"}],"wp:term":[{"taxonomy":"author","embeddable":true,"href":"https:\/\/agroextrativismosustentavel.ufms.br\/en\/wp-json\/wp\/v2\/coauthors?post=372"}],"curies":[{"name":"wp","href":"https:\/\/api.w.org\/{rel}","templated":true}]}}