{"id":327,"date":"2021-05-01T14:20:25","date_gmt":"2021-05-01T18:20:25","guid":{"rendered":"https:\/\/agroextrativismosustentavel.ufms.br\/?page_id=327"},"modified":"2021-05-09T17:05:58","modified_gmt":"2021-05-09T21:05:58","slug":"associacao-de-mulheres-ribeirinhas-do-porto-esperanca-corumba-ms","status":"publish","type":"page","link":"https:\/\/agroextrativismosustentavel.ufms.br\/en\/associacao-de-mulheres-ribeirinhas-do-porto-esperanca-corumba-ms\/","title":{"rendered":"Associa\u00e7\u00e3o de Mulheres Ribeirinhas do Porto Esperan\u00e7a &#8211; CORUMB\u00c1\/MS"},"content":{"rendered":"<p>Associa\u00e7\u00e3o criada em 2016, num distrito do munic\u00edpio brasileiro de Corumb\u00e1-MS. Est\u00e1 localizado na margem esquerda do rio Paraguai a cerca de 25 km da localidade de Porto Morrinho e a 70 km da sede do municipio. Fica pr\u00f3ximo tamb\u00e9m de Forte Coimbra, que \u00e9 outro distrito de Corumb\u00e1. Derivados do Acuri (<em>Attalea phalerata<\/em> Mart. ex. Spreng.) e da Laranjinha-de-Pacu (<em>Pouteria glomerata<\/em> (Miq.) Radlk.). Fazem parte da Cerrapan (Rede de Mulheres Produtoras do Cerrado e Pantanal).<\/p>\n<p>Contato: +55 67 9692-5421<\/p>\n<p>Localiza\u00e7\u00e3o:<\/p>\n<p>Latitude: 19\u00b0 36&#8242; 35.8&#8221;<\/p>\n<p>Longitude: 57\u00b0 27&#8242; 16.6&#8221;<\/p>\n<p>&nbsp;<\/p>\n","protected":false},"excerpt":{"rendered":"<p>Associa\u00e7\u00e3o criada em 2016, num distrito do munic\u00edpio brasileiro de Corumb\u00e1-MS. Est\u00e1 localizado na margem esquerda do rio Paraguai a cerca de 25 km da localidade de Porto Morrinho e a 70 km da sede do municipio. Fica pr\u00f3ximo tamb\u00e9m de Forte Coimbra, que \u00e9 outro distrito de Corumb\u00e1. Derivados do Acuri (Attalea phalerata Mart. [&hellip;]<\/p>\n","protected":false},"author":40747,"featured_media":0,"parent":0,"menu_order":0,"comment_status":"closed","ping_status":"closed","template":"","meta":{"ngg_post_thumbnail":0,"footnotes":""},"coauthors":[],"class_list":["post-327","page","type-page","status-publish","hentry"],"_links":{"self":[{"href":"https:\/\/agroextrativismosustentavel.ufms.br\/en\/wp-json\/wp\/v2\/pages\/327","targetHints":{"allow":["GET"]}}],"collection":[{"href":"https:\/\/agroextrativismosustentavel.ufms.br\/en\/wp-json\/wp\/v2\/pages"}],"about":[{"href":"https:\/\/agroextrativismosustentavel.ufms.br\/en\/wp-json\/wp\/v2\/types\/page"}],"author":[{"embeddable":true,"href":"https:\/\/agroextrativismosustentavel.ufms.br\/en\/wp-json\/wp\/v2\/users\/40747"}],"replies":[{"embeddable":true,"href":"https:\/\/agroextrativismosustentavel.ufms.br\/en\/wp-json\/wp\/v2\/comments?post=327"}],"version-history":[{"count":3,"href":"https:\/\/agroextrativismosustentavel.ufms.br\/en\/wp-json\/wp\/v2\/pages\/327\/revisions"}],"predecessor-version":[{"id":520,"href":"https:\/\/agroextrativismosustentavel.ufms.br\/en\/wp-json\/wp\/v2\/pages\/327\/revisions\/520"}],"wp:attachment":[{"href":"https:\/\/agroextrativismosustentavel.ufms.br\/en\/wp-json\/wp\/v2\/media?parent=327"}],"wp:term":[{"taxonomy":"author","embeddable":true,"href":"https:\/\/agroextrativismosustentavel.ufms.br\/en\/wp-json\/wp\/v2\/coauthors?post=327"}],"curies":[{"name":"wp","href":"https:\/\/api.w.org\/{rel}","templated":true}]}}