{"id":325,"date":"2021-05-01T14:18:21","date_gmt":"2021-05-01T18:18:21","guid":{"rendered":"https:\/\/agroextrativismosustentavel.ufms.br\/?page_id=325"},"modified":"2021-05-10T20:22:49","modified_gmt":"2021-05-11T00:22:49","slug":"associacao-de-mulheres-extrativistas-da-comunidade-de-porto-da-manga-corumba-ms","status":"publish","type":"page","link":"https:\/\/agroextrativismosustentavel.ufms.br\/en\/associacao-de-mulheres-extrativistas-da-comunidade-de-porto-da-manga-corumba-ms\/","title":{"rendered":"Associa\u00e7\u00e3o de Mulheres Extrativistas da Comunidade de Porto da Manga &#8211; CORUMB\u00c1\/MS"},"content":{"rendered":"<p>Comunidade pantaneira localizada a 60 quil\u00f4metros de Corumb\u00e1, MS, teve recentemente inaugura\u00e7\u00e3o de uma cozinha comunit\u00e1ria. Derivados da Laranjinha-de-Pacu (<em>Pouteria glomerata<\/em> (Miq.) Radlk.). Fazem parte da Cerrapan (Rede de Mulheres Produtoras do Cerrado e Pantanal).<\/p>\n<p>Contato: +55 67 99617-2995.<\/p>\n<p>Localiza\u00e7\u00e3o:<\/p>\n<p>Latitude: 19\u00b015&#8217;29.76&#8243;<\/p>\n<p>Longitude: 57\u00b014&#8217;7.09&#8243;<\/p>\n<div id=\"attachment_549\" style=\"width: 310px\" class=\"wp-caption alignnone\"><img fetchpriority=\"high\" decoding=\"async\" aria-describedby=\"caption-attachment-549\" class=\"size-medium wp-image-549\" src=\"https:\/\/agroextrativismosustentavel.ufms.br\/files\/2021\/05\/WhatsApp-Image-2021-05-10-at-14.57.35-300x169.jpeg\" alt=\"\" width=\"300\" height=\"169\" srcset=\"https:\/\/agroextrativismosustentavel.ufms.br\/files\/2021\/05\/WhatsApp-Image-2021-05-10-at-14.57.35-300x169.jpeg 300w, https:\/\/agroextrativismosustentavel.ufms.br\/files\/2021\/05\/WhatsApp-Image-2021-05-10-at-14.57.35-768x432.jpeg 768w, https:\/\/agroextrativismosustentavel.ufms.br\/files\/2021\/05\/WhatsApp-Image-2021-05-10-at-14.57.35-1024x576.jpeg 1024w, https:\/\/agroextrativismosustentavel.ufms.br\/files\/2021\/05\/WhatsApp-Image-2021-05-10-at-14.57.35-569x320.jpeg 569w, https:\/\/agroextrativismosustentavel.ufms.br\/files\/2021\/05\/WhatsApp-Image-2021-05-10-at-14.57.35.jpeg 1280w\" sizes=\"(max-width: 300px) 100vw, 300px\" \/><p id=\"caption-attachment-549\" class=\"wp-caption-text\">Da esquerda para direita: geleia de laranjinha-de-pacu, geleia de bocaiuva e geleia de tarum\u00e3 (Foto: Raquel Pires Campos)<\/p><\/div>\n<div id=\"attachment_550\" style=\"width: 310px\" class=\"wp-caption alignnone\"><img decoding=\"async\" aria-describedby=\"caption-attachment-550\" class=\"size-medium wp-image-550\" src=\"https:\/\/agroextrativismosustentavel.ufms.br\/files\/2021\/05\/WhatsApp-Image-2021-05-10-at-14.58.14-300x169.jpeg\" alt=\"\" width=\"300\" height=\"169\" srcset=\"https:\/\/agroextrativismosustentavel.ufms.br\/files\/2021\/05\/WhatsApp-Image-2021-05-10-at-14.58.14-300x169.jpeg 300w, https:\/\/agroextrativismosustentavel.ufms.br\/files\/2021\/05\/WhatsApp-Image-2021-05-10-at-14.58.14-768x432.jpeg 768w, https:\/\/agroextrativismosustentavel.ufms.br\/files\/2021\/05\/WhatsApp-Image-2021-05-10-at-14.58.14-1024x576.jpeg 1024w, https:\/\/agroextrativismosustentavel.ufms.br\/files\/2021\/05\/WhatsApp-Image-2021-05-10-at-14.58.14-569x320.jpeg 569w, https:\/\/agroextrativismosustentavel.ufms.br\/files\/2021\/05\/WhatsApp-Image-2021-05-10-at-14.58.14.jpeg 1280w\" sizes=\"(max-width: 300px) 100vw, 300px\" \/><p id=\"caption-attachment-550\" class=\"wp-caption-text\">P\u00e3o artesanal, frutos de tarum\u00e3, laranjinha-de-pacu e geleia de bocaiuva (Foto: Raquel Pires Campos)<\/p><\/div>\n<p>&nbsp;<\/p>\n","protected":false},"excerpt":{"rendered":"<p>Comunidade pantaneira localizada a 60 quil\u00f4metros de Corumb\u00e1, MS, teve recentemente inaugura\u00e7\u00e3o de uma cozinha comunit\u00e1ria. Derivados da Laranjinha-de-Pacu (Pouteria glomerata (Miq.) Radlk.). Fazem parte da Cerrapan (Rede de Mulheres Produtoras do Cerrado e Pantanal). Contato: +55 67 99617-2995. Localiza\u00e7\u00e3o: Latitude: 19\u00b015&#8217;29.76&#8243; Longitude: 57\u00b014&#8217;7.09&#8243; &nbsp;<\/p>\n","protected":false},"author":40747,"featured_media":0,"parent":0,"menu_order":0,"comment_status":"closed","ping_status":"closed","template":"","meta":{"ngg_post_thumbnail":0,"footnotes":""},"coauthors":[],"class_list":["post-325","page","type-page","status-publish","hentry"],"_links":{"self":[{"href":"https:\/\/agroextrativismosustentavel.ufms.br\/en\/wp-json\/wp\/v2\/pages\/325","targetHints":{"allow":["GET"]}}],"collection":[{"href":"https:\/\/agroextrativismosustentavel.ufms.br\/en\/wp-json\/wp\/v2\/pages"}],"about":[{"href":"https:\/\/agroextrativismosustentavel.ufms.br\/en\/wp-json\/wp\/v2\/types\/page"}],"author":[{"embeddable":true,"href":"https:\/\/agroextrativismosustentavel.ufms.br\/en\/wp-json\/wp\/v2\/users\/40747"}],"replies":[{"embeddable":true,"href":"https:\/\/agroextrativismosustentavel.ufms.br\/en\/wp-json\/wp\/v2\/comments?post=325"}],"version-history":[{"count":5,"href":"https:\/\/agroextrativismosustentavel.ufms.br\/en\/wp-json\/wp\/v2\/pages\/325\/revisions"}],"predecessor-version":[{"id":551,"href":"https:\/\/agroextrativismosustentavel.ufms.br\/en\/wp-json\/wp\/v2\/pages\/325\/revisions\/551"}],"wp:attachment":[{"href":"https:\/\/agroextrativismosustentavel.ufms.br\/en\/wp-json\/wp\/v2\/media?parent=325"}],"wp:term":[{"taxonomy":"author","embeddable":true,"href":"https:\/\/agroextrativismosustentavel.ufms.br\/en\/wp-json\/wp\/v2\/coauthors?post=325"}],"curies":[{"name":"wp","href":"https:\/\/api.w.org\/{rel}","templated":true}]}}