{"id":323,"date":"2021-05-01T14:15:00","date_gmt":"2021-05-01T18:15:00","guid":{"rendered":"https:\/\/agroextrativismosustentavel.ufms.br\/?page_id=323"},"modified":"2021-05-10T20:26:25","modified_gmt":"2021-05-11T00:26:25","slug":"centro-de-processamento-de-derivados-da-bocaiuva-da-comunidade-de-antonio-maria-coelho-corumbams","status":"publish","type":"page","link":"https:\/\/agroextrativismosustentavel.ufms.br\/en\/centro-de-processamento-de-derivados-da-bocaiuva-da-comunidade-de-antonio-maria-coelho-corumbams\/","title":{"rendered":"Centro de Processamento de Derivados da Bocaiuva da Comunidade de Ant\u00f4nio Maria Coelho &#8211; CORUMB\u00c1\/MS"},"content":{"rendered":"<p>Est\u00e1 localizada na borda oeste do Pantanal a 45 km da \u00e1rea urbana de Corumb\u00e1\/MS. Farinha e outros derivados da Bocaiuva (<em>Acrocomia aculeata<\/em>). Fazem parte da Cerrapan (Rede de Mulheres Produtoras do Cerrado e Pantanal).<\/p>\n<p>Contato: +55 67 98153-1916<\/p>\n<p>Email: associacaomariacoelho@gmail.com<\/p>\n<p>Localiza\u00e7\u00e3o:<\/p>\n<p>Latitude: 19\u00b019&#8217;2.39\u201d<\/p>\n<p>Longitude: 57\u00b035&#8217;37.12\u201d<\/p>\n<div id=\"attachment_552\" style=\"width: 310px\" class=\"wp-caption alignnone\"><img fetchpriority=\"high\" decoding=\"async\" aria-describedby=\"caption-attachment-552\" class=\"size-medium wp-image-552\" src=\"https:\/\/agroextrativismosustentavel.ufms.br\/files\/2021\/05\/WhatsApp-Image-2021-05-10-at-16.44.29-300x225.jpeg\" alt=\"\" width=\"300\" height=\"225\" srcset=\"https:\/\/agroextrativismosustentavel.ufms.br\/files\/2021\/05\/WhatsApp-Image-2021-05-10-at-16.44.29-300x225.jpeg 300w, https:\/\/agroextrativismosustentavel.ufms.br\/files\/2021\/05\/WhatsApp-Image-2021-05-10-at-16.44.29-768x576.jpeg 768w, https:\/\/agroextrativismosustentavel.ufms.br\/files\/2021\/05\/WhatsApp-Image-2021-05-10-at-16.44.29-1024x768.jpeg 1024w, https:\/\/agroextrativismosustentavel.ufms.br\/files\/2021\/05\/WhatsApp-Image-2021-05-10-at-16.44.29-427x320.jpeg 427w, https:\/\/agroextrativismosustentavel.ufms.br\/files\/2021\/05\/WhatsApp-Image-2021-05-10-at-16.44.29.jpeg 1280w\" sizes=\"(max-width: 300px) 100vw, 300px\" \/><p id=\"caption-attachment-552\" class=\"wp-caption-text\">Farinha e lascas de bocaiuva (Foto: Raquel Pires Campos)<\/p><\/div>\n<div id=\"attachment_554\" style=\"width: 310px\" class=\"wp-caption alignnone\"><img decoding=\"async\" aria-describedby=\"caption-attachment-554\" class=\"size-medium wp-image-554\" src=\"https:\/\/agroextrativismosustentavel.ufms.br\/files\/2021\/05\/WhatsApp-Image-2021-05-10-at-16.44.30-300x225.jpeg\" alt=\"\" width=\"300\" height=\"225\" srcset=\"https:\/\/agroextrativismosustentavel.ufms.br\/files\/2021\/05\/WhatsApp-Image-2021-05-10-at-16.44.30-300x225.jpeg 300w, https:\/\/agroextrativismosustentavel.ufms.br\/files\/2021\/05\/WhatsApp-Image-2021-05-10-at-16.44.30-768x576.jpeg 768w, https:\/\/agroextrativismosustentavel.ufms.br\/files\/2021\/05\/WhatsApp-Image-2021-05-10-at-16.44.30-1024x768.jpeg 1024w, https:\/\/agroextrativismosustentavel.ufms.br\/files\/2021\/05\/WhatsApp-Image-2021-05-10-at-16.44.30-427x320.jpeg 427w, https:\/\/agroextrativismosustentavel.ufms.br\/files\/2021\/05\/WhatsApp-Image-2021-05-10-at-16.44.30.jpeg 1280w\" sizes=\"(max-width: 300px) 100vw, 300px\" \/><p id=\"caption-attachment-554\" class=\"wp-caption-text\">Farinha e am\u00eandoas de bocaiuva (Foto: Raquel Pires Campos)<\/p><\/div>\n","protected":false},"excerpt":{"rendered":"<p>Est\u00e1 localizada na borda oeste do Pantanal a 45 km da \u00e1rea urbana de Corumb\u00e1\/MS. Farinha e outros derivados da Bocaiuva (Acrocomia aculeata). Fazem parte da Cerrapan (Rede de Mulheres Produtoras do Cerrado e Pantanal). Contato: +55 67 98153-1916 Email: associacaomariacoelho@gmail.com Localiza\u00e7\u00e3o: Latitude: 19\u00b019&#8217;2.39\u201d Longitude: 57\u00b035&#8217;37.12\u201d<\/p>\n","protected":false},"author":40747,"featured_media":0,"parent":0,"menu_order":0,"comment_status":"closed","ping_status":"closed","template":"","meta":{"ngg_post_thumbnail":0,"footnotes":""},"coauthors":[],"class_list":["post-323","page","type-page","status-publish","hentry"],"_links":{"self":[{"href":"https:\/\/agroextrativismosustentavel.ufms.br\/en\/wp-json\/wp\/v2\/pages\/323","targetHints":{"allow":["GET"]}}],"collection":[{"href":"https:\/\/agroextrativismosustentavel.ufms.br\/en\/wp-json\/wp\/v2\/pages"}],"about":[{"href":"https:\/\/agroextrativismosustentavel.ufms.br\/en\/wp-json\/wp\/v2\/types\/page"}],"author":[{"embeddable":true,"href":"https:\/\/agroextrativismosustentavel.ufms.br\/en\/wp-json\/wp\/v2\/users\/40747"}],"replies":[{"embeddable":true,"href":"https:\/\/agroextrativismosustentavel.ufms.br\/en\/wp-json\/wp\/v2\/comments?post=323"}],"version-history":[{"count":8,"href":"https:\/\/agroextrativismosustentavel.ufms.br\/en\/wp-json\/wp\/v2\/pages\/323\/revisions"}],"predecessor-version":[{"id":555,"href":"https:\/\/agroextrativismosustentavel.ufms.br\/en\/wp-json\/wp\/v2\/pages\/323\/revisions\/555"}],"wp:attachment":[{"href":"https:\/\/agroextrativismosustentavel.ufms.br\/en\/wp-json\/wp\/v2\/media?parent=323"}],"wp:term":[{"taxonomy":"author","embeddable":true,"href":"https:\/\/agroextrativismosustentavel.ufms.br\/en\/wp-json\/wp\/v2\/coauthors?post=323"}],"curies":[{"name":"wp","href":"https:\/\/api.w.org\/{rel}","templated":true}]}}