{"id":319,"date":"2021-05-01T14:11:03","date_gmt":"2021-05-01T18:11:03","guid":{"rendered":"https:\/\/agroextrativismosustentavel.ufms.br\/?page_id=319"},"modified":"2021-05-10T20:15:09","modified_gmt":"2021-05-11T00:15:09","slug":"associacao-dos-pequenos-produtores-do-assentamento-santa-lucia-bonito-ms","status":"publish","type":"page","link":"https:\/\/agroextrativismosustentavel.ufms.br\/en\/associacao-dos-pequenos-produtores-do-assentamento-santa-lucia-bonito-ms\/","title":{"rendered":"Associa\u00e7\u00e3o dos Pequenos Produtores do Assentamento Santa L\u00facia &#8211; BONITO\/MS"},"content":{"rendered":"<p>A produtora do assentamento Santa L\u00facia produz rapadura de diferentes sabores, como jaracati\u00e1, bocaiuva, guavira, baru e est\u00e1 engajada na articula\u00e7\u00e3o das pessoas. Al\u00e9m disso, fabrica geleias destes frutos e doces.<\/p>\n<p>Tipo de comunidade: agricultura familiar.<\/p>\n<p>Contato: +55 <span data-sheets-value=\"{&quot;1&quot;:2,&quot;2&quot;:&quot;(67) 3255-1164&quot;}\" data-sheets-userformat=\"{&quot;2&quot;:513,&quot;3&quot;:{&quot;1&quot;:0},&quot;12&quot;:0}\">67 3255-1164<\/span><\/p>\n<p>Localiza\u00e7\u00e3o:<\/p>\n<p>Latitute: 21\u00b021&#8217;40,3&#8243;<\/p>\n<p>Longitude: 56\u00b035&#8217;49,8&#8243;<\/p>\n<div id=\"attachment_384\" style=\"width: 149px\" class=\"wp-caption alignnone\"><img decoding=\"async\" aria-describedby=\"caption-attachment-384\" class=\"wp-image-384 size-medium\" src=\"https:\/\/agroextrativismosustentavel.ufms.br\/files\/2021\/05\/Assentamento-Santa-Lucia-01-139x300.jpeg\" alt=\"\" width=\"139\" height=\"300\" srcset=\"https:\/\/agroextrativismosustentavel.ufms.br\/files\/2021\/05\/Assentamento-Santa-Lucia-01-139x300.jpeg 139w, https:\/\/agroextrativismosustentavel.ufms.br\/files\/2021\/05\/Assentamento-Santa-Lucia-01-473x1024.jpeg 473w, https:\/\/agroextrativismosustentavel.ufms.br\/files\/2021\/05\/Assentamento-Santa-Lucia-01-148x320.jpeg 148w, https:\/\/agroextrativismosustentavel.ufms.br\/files\/2021\/05\/Assentamento-Santa-Lucia-01.jpeg 532w\" sizes=\"(max-width: 139px) 100vw, 139px\" \/><p id=\"caption-attachment-384\" class=\"wp-caption-text\">Associa\u00e7\u00e3o dos Pequenos Produtores do Assentamento Santa L\u00facia (Foto: Raquel Pires Campos)<\/p><\/div>\n<div id=\"attachment_385\" style=\"width: 149px\" class=\"wp-caption alignnone\"><img decoding=\"async\" aria-describedby=\"caption-attachment-385\" class=\"wp-image-385 size-medium\" src=\"https:\/\/agroextrativismosustentavel.ufms.br\/files\/2021\/05\/Assentamento-Santa-Lucia-02-139x300.jpeg\" alt=\"\" width=\"139\" height=\"300\" srcset=\"https:\/\/agroextrativismosustentavel.ufms.br\/files\/2021\/05\/Assentamento-Santa-Lucia-02-139x300.jpeg 139w, https:\/\/agroextrativismosustentavel.ufms.br\/files\/2021\/05\/Assentamento-Santa-Lucia-02-473x1024.jpeg 473w, https:\/\/agroextrativismosustentavel.ufms.br\/files\/2021\/05\/Assentamento-Santa-Lucia-02-148x320.jpeg 148w, https:\/\/agroextrativismosustentavel.ufms.br\/files\/2021\/05\/Assentamento-Santa-Lucia-02.jpeg 532w\" sizes=\"(max-width: 139px) 100vw, 139px\" \/><p id=\"caption-attachment-385\" class=\"wp-caption-text\">Associa\u00e7\u00e3o dos Pequenos Produtores do Assentamento Santa L\u00facia (Foto: Raquel Pires Campos)<\/p><\/div>\n<div id=\"attachment_386\" style=\"width: 149px\" class=\"wp-caption alignnone\"><img decoding=\"async\" aria-describedby=\"caption-attachment-386\" class=\"wp-image-386 size-medium\" src=\"https:\/\/agroextrativismosustentavel.ufms.br\/files\/2021\/05\/Assentamento-Santa-Lucia-03-139x300.jpeg\" alt=\"\" width=\"139\" height=\"300\" srcset=\"https:\/\/agroextrativismosustentavel.ufms.br\/files\/2021\/05\/Assentamento-Santa-Lucia-03-139x300.jpeg 139w, https:\/\/agroextrativismosustentavel.ufms.br\/files\/2021\/05\/Assentamento-Santa-Lucia-03-473x1024.jpeg 473w, https:\/\/agroextrativismosustentavel.ufms.br\/files\/2021\/05\/Assentamento-Santa-Lucia-03-148x320.jpeg 148w, https:\/\/agroextrativismosustentavel.ufms.br\/files\/2021\/05\/Assentamento-Santa-Lucia-03.jpeg 532w\" sizes=\"(max-width: 139px) 100vw, 139px\" \/><p id=\"caption-attachment-386\" class=\"wp-caption-text\">Associa\u00e7\u00e3o dos Pequenos Produtores do Assentamento Santa L\u00facia (Foto: Raquel Pires Campos)<\/p><\/div>\n<div id=\"attachment_388\" style=\"width: 149px\" class=\"wp-caption alignnone\"><img loading=\"lazy\" decoding=\"async\" aria-describedby=\"caption-attachment-388\" class=\"wp-image-388 size-medium\" src=\"https:\/\/agroextrativismosustentavel.ufms.br\/files\/2021\/05\/Assentamento-Santa-Lucia-05-139x300.jpeg\" alt=\"\" width=\"139\" height=\"300\" srcset=\"https:\/\/agroextrativismosustentavel.ufms.br\/files\/2021\/05\/Assentamento-Santa-Lucia-05-139x300.jpeg 139w, https:\/\/agroextrativismosustentavel.ufms.br\/files\/2021\/05\/Assentamento-Santa-Lucia-05-473x1024.jpeg 473w, https:\/\/agroextrativismosustentavel.ufms.br\/files\/2021\/05\/Assentamento-Santa-Lucia-05-148x320.jpeg 148w, https:\/\/agroextrativismosustentavel.ufms.br\/files\/2021\/05\/Assentamento-Santa-Lucia-05.jpeg 532w\" sizes=\"(max-width: 139px) 100vw, 139px\" \/><p id=\"caption-attachment-388\" class=\"wp-caption-text\">Associa\u00e7\u00e3o dos Pequenos Produtores do Assentamento Santa L\u00facia (Foto: Raquel Pires Campos)<\/p><\/div>\n<div id=\"attachment_387\" style=\"width: 149px\" class=\"wp-caption alignnone\"><img loading=\"lazy\" decoding=\"async\" aria-describedby=\"caption-attachment-387\" class=\"wp-image-387 size-medium\" src=\"https:\/\/agroextrativismosustentavel.ufms.br\/files\/2021\/05\/Assentamento-Santa-Lucia-04-139x300.jpeg\" alt=\"\" width=\"139\" height=\"300\" srcset=\"https:\/\/agroextrativismosustentavel.ufms.br\/files\/2021\/05\/Assentamento-Santa-Lucia-04-139x300.jpeg 139w, https:\/\/agroextrativismosustentavel.ufms.br\/files\/2021\/05\/Assentamento-Santa-Lucia-04-473x1024.jpeg 473w, https:\/\/agroextrativismosustentavel.ufms.br\/files\/2021\/05\/Assentamento-Santa-Lucia-04-148x320.jpeg 148w, https:\/\/agroextrativismosustentavel.ufms.br\/files\/2021\/05\/Assentamento-Santa-Lucia-04.jpeg 532w\" sizes=\"(max-width: 139px) 100vw, 139px\" \/><p id=\"caption-attachment-387\" class=\"wp-caption-text\">Associa\u00e7\u00e3o dos Pequenos Produtores do Assentamento Santa L\u00facia (Foto: Raquel Pires Campos)<\/p><\/div>\n<div id=\"attachment_389\" style=\"width: 149px\" class=\"wp-caption alignnone\"><img loading=\"lazy\" decoding=\"async\" aria-describedby=\"caption-attachment-389\" class=\"wp-image-389 size-medium\" src=\"https:\/\/agroextrativismosustentavel.ufms.br\/files\/2021\/05\/Assentamento-Santa-Lucia-06-139x300.jpeg\" alt=\"\" width=\"139\" height=\"300\" srcset=\"https:\/\/agroextrativismosustentavel.ufms.br\/files\/2021\/05\/Assentamento-Santa-Lucia-06-139x300.jpeg 139w, https:\/\/agroextrativismosustentavel.ufms.br\/files\/2021\/05\/Assentamento-Santa-Lucia-06-473x1024.jpeg 473w, https:\/\/agroextrativismosustentavel.ufms.br\/files\/2021\/05\/Assentamento-Santa-Lucia-06-148x320.jpeg 148w, https:\/\/agroextrativismosustentavel.ufms.br\/files\/2021\/05\/Assentamento-Santa-Lucia-06.jpeg 532w\" sizes=\"(max-width: 139px) 100vw, 139px\" \/><p id=\"caption-attachment-389\" class=\"wp-caption-text\">Associa\u00e7\u00e3o dos Pequenos Produtores do Assentamento Santa L\u00facia (Foto: Raquel Pires Campos)<\/p><\/div>\n<div id=\"attachment_508\" style=\"width: 310px\" class=\"wp-caption alignnone\"><img loading=\"lazy\" decoding=\"async\" aria-describedby=\"caption-attachment-508\" class=\"wp-image-508 size-medium\" src=\"https:\/\/agroextrativismosustentavel.ufms.br\/files\/2021\/05\/Assentamento-Santa-Lucia-06-recortada-300x216.jpeg\" alt=\"\" width=\"300\" height=\"216\" srcset=\"https:\/\/agroextrativismosustentavel.ufms.br\/files\/2021\/05\/Assentamento-Santa-Lucia-06-recortada-300x216.jpeg 300w, https:\/\/agroextrativismosustentavel.ufms.br\/files\/2021\/05\/Assentamento-Santa-Lucia-06-recortada-768x553.jpeg 768w, https:\/\/agroextrativismosustentavel.ufms.br\/files\/2021\/05\/Assentamento-Santa-Lucia-06-recortada-445x320.jpeg 445w, https:\/\/agroextrativismosustentavel.ufms.br\/files\/2021\/05\/Assentamento-Santa-Lucia-06-recortada.jpeg 864w\" sizes=\"(max-width: 300px) 100vw, 300px\" \/><p id=\"caption-attachment-508\" class=\"wp-caption-text\">Associa\u00e7\u00e3o dos Pequenos Produtores do Assentamento Santa L\u00facia (Foto: Raquel Pires Campos)<\/p><\/div>\n<div id=\"attachment_545\" style=\"width: 310px\" class=\"wp-caption alignnone\"><img loading=\"lazy\" decoding=\"async\" aria-describedby=\"caption-attachment-545\" class=\"size-medium wp-image-545\" src=\"https:\/\/agroextrativismosustentavel.ufms.br\/files\/2021\/05\/WhatsApp-Image-2021-05-10-at-16.36.08-300x225.jpeg\" alt=\"\" width=\"300\" height=\"225\" srcset=\"https:\/\/agroextrativismosustentavel.ufms.br\/files\/2021\/05\/WhatsApp-Image-2021-05-10-at-16.36.08-300x225.jpeg 300w, https:\/\/agroextrativismosustentavel.ufms.br\/files\/2021\/05\/WhatsApp-Image-2021-05-10-at-16.36.08-768x576.jpeg 768w, https:\/\/agroextrativismosustentavel.ufms.br\/files\/2021\/05\/WhatsApp-Image-2021-05-10-at-16.36.08-1024x768.jpeg 1024w, https:\/\/agroextrativismosustentavel.ufms.br\/files\/2021\/05\/WhatsApp-Image-2021-05-10-at-16.36.08-427x320.jpeg 427w, https:\/\/agroextrativismosustentavel.ufms.br\/files\/2021\/05\/WhatsApp-Image-2021-05-10-at-16.36.08.jpeg 1280w\" sizes=\"(max-width: 300px) 100vw, 300px\" \/><p id=\"caption-attachment-545\" class=\"wp-caption-text\">Geleia de tamarindo com doce de leite (Foto: Raquel Pires Campos)<\/p><\/div>\n<div id=\"attachment_547\" style=\"width: 310px\" class=\"wp-caption alignnone\"><img loading=\"lazy\" decoding=\"async\" aria-describedby=\"caption-attachment-547\" class=\"size-medium wp-image-547\" src=\"https:\/\/agroextrativismosustentavel.ufms.br\/files\/2021\/05\/WhatsApp-Image-2021-05-10-at-16.36.09-300x225.jpeg\" alt=\"\" width=\"300\" height=\"225\" srcset=\"https:\/\/agroextrativismosustentavel.ufms.br\/files\/2021\/05\/WhatsApp-Image-2021-05-10-at-16.36.09-300x225.jpeg 300w, https:\/\/agroextrativismosustentavel.ufms.br\/files\/2021\/05\/WhatsApp-Image-2021-05-10-at-16.36.09-768x576.jpeg 768w, https:\/\/agroextrativismosustentavel.ufms.br\/files\/2021\/05\/WhatsApp-Image-2021-05-10-at-16.36.09-1024x768.jpeg 1024w, https:\/\/agroextrativismosustentavel.ufms.br\/files\/2021\/05\/WhatsApp-Image-2021-05-10-at-16.36.09-427x320.jpeg 427w, https:\/\/agroextrativismosustentavel.ufms.br\/files\/2021\/05\/WhatsApp-Image-2021-05-10-at-16.36.09.jpeg 1280w\" sizes=\"(max-width: 300px) 100vw, 300px\" \/><p id=\"caption-attachment-547\" class=\"wp-caption-text\">Queijo com pequi e pimenta biquinho (Foto: Raquel Pires Campos)<\/p><\/div>\n","protected":false},"excerpt":{"rendered":"<p>A produtora do assentamento Santa L\u00facia produz rapadura de diferentes sabores, como jaracati\u00e1, bocaiuva, guavira, baru e est\u00e1 engajada na articula\u00e7\u00e3o das pessoas. Al\u00e9m disso, fabrica geleias destes frutos e doces. Tipo de comunidade: agricultura familiar. Contato: +55 67 3255-1164 Localiza\u00e7\u00e3o: Latitute: 21\u00b021&#8217;40,3&#8243; Longitude: 56\u00b035&#8217;49,8&#8243;<\/p>\n","protected":false},"author":40747,"featured_media":389,"parent":0,"menu_order":0,"comment_status":"closed","ping_status":"closed","template":"","meta":{"ngg_post_thumbnail":0,"footnotes":""},"coauthors":[],"class_list":["post-319","page","type-page","status-publish","has-post-thumbnail","hentry"],"_links":{"self":[{"href":"https:\/\/agroextrativismosustentavel.ufms.br\/en\/wp-json\/wp\/v2\/pages\/319","targetHints":{"allow":["GET"]}}],"collection":[{"href":"https:\/\/agroextrativismosustentavel.ufms.br\/en\/wp-json\/wp\/v2\/pages"}],"about":[{"href":"https:\/\/agroextrativismosustentavel.ufms.br\/en\/wp-json\/wp\/v2\/types\/page"}],"author":[{"embeddable":true,"href":"https:\/\/agroextrativismosustentavel.ufms.br\/en\/wp-json\/wp\/v2\/users\/40747"}],"replies":[{"embeddable":true,"href":"https:\/\/agroextrativismosustentavel.ufms.br\/en\/wp-json\/wp\/v2\/comments?post=319"}],"version-history":[{"count":7,"href":"https:\/\/agroextrativismosustentavel.ufms.br\/en\/wp-json\/wp\/v2\/pages\/319\/revisions"}],"predecessor-version":[{"id":548,"href":"https:\/\/agroextrativismosustentavel.ufms.br\/en\/wp-json\/wp\/v2\/pages\/319\/revisions\/548"}],"wp:featuredmedia":[{"embeddable":true,"href":"https:\/\/agroextrativismosustentavel.ufms.br\/en\/wp-json\/wp\/v2\/media\/389"}],"wp:attachment":[{"href":"https:\/\/agroextrativismosustentavel.ufms.br\/en\/wp-json\/wp\/v2\/media?parent=319"}],"wp:term":[{"taxonomy":"author","embeddable":true,"href":"https:\/\/agroextrativismosustentavel.ufms.br\/en\/wp-json\/wp\/v2\/coauthors?post=319"}],"curies":[{"name":"wp","href":"https:\/\/api.w.org\/{rel}","templated":true}]}}