{"id":311,"date":"2021-04-30T16:29:23","date_gmt":"2021-04-30T20:29:23","guid":{"rendered":"https:\/\/agroextrativismosustentavel.ufms.br\/?page_id=311"},"modified":"2021-05-10T18:35:20","modified_gmt":"2021-05-10T22:35:20","slug":"associacao-furnas-do-dionisio-jaraguari-ms","status":"publish","type":"page","link":"https:\/\/agroextrativismosustentavel.ufms.br\/en\/associacao-furnas-do-dionisio-jaraguari-ms\/","title":{"rendered":"Associa\u00e7\u00e3o Furnas do Dion\u00edsio &#8211; JARAGUARI\/MS"},"content":{"rendered":"<p>Furnas do Dion\u00edsio<strong><b>\u00a0<\/b><\/strong>\u00e9 uma comunidade remanescente de quilombolas e ocupa uma \u00e1rea de 1.018,28 hectares. Est\u00e1 a aproximadamente 45 Km ao norte de Campo Grande, MS. Atualmente o local \u00e9 habitado por cerca de 90 fam\u00edlias. Produzem rapadura e outros derivados de cana de a\u00e7\u00facar e farinhas de mandioca, al\u00e9m de hortali\u00e7as e legumes. Potencial para produtos aliment\u00edcios a partir do extrativismo.<\/p>\n<p>Telefone: + 55 67 9876-8832<\/p>\n<p>Localiza\u00e7\u00e3o:<\/p>\n<p>Latitude: -20.149415873128206<\/p>\n<p>Longitude: -54.57384125848168<\/p>\n<div id=\"attachment_355\" style=\"width: 310px\" class=\"wp-caption alignnone\"><img fetchpriority=\"high\" decoding=\"async\" aria-describedby=\"caption-attachment-355\" class=\"wp-image-355 size-medium\" src=\"https:\/\/agroextrativismosustentavel.ufms.br\/files\/2021\/05\/Oficina-de-produ\u00e7\u00e3o-agroecol\u00f3gica-Assentamento-Primavera-2-300x225-300x225.jpeg\" alt=\"\" width=\"300\" height=\"225\" \/><p id=\"caption-attachment-355\" class=\"wp-caption-text\">Associa\u00e7\u00e3o Furnas do Dion\u00edsio (Foto: Raquel Pires Campos)<\/p><\/div>\n<div id=\"attachment_357\" style=\"width: 310px\" class=\"wp-caption alignnone\"><img decoding=\"async\" aria-describedby=\"caption-attachment-357\" class=\"wp-image-357 size-medium\" src=\"https:\/\/agroextrativismosustentavel.ufms.br\/files\/2021\/05\/Oficina-de-produ\u00e7\u00e3o-agroecol\u00f3gica-Assentamento-Primavera-3-300x225-300x225.jpeg\" alt=\"\" width=\"300\" height=\"225\" \/><p id=\"caption-attachment-357\" class=\"wp-caption-text\">Associa\u00e7\u00e3o Furnas do Dion\u00edsio (Foto: Raquel Pires Campos)<\/p><\/div>\n<div id=\"attachment_534\" style=\"width: 231px\" class=\"wp-caption alignnone\"><img decoding=\"async\" aria-describedby=\"caption-attachment-534\" class=\"size-medium wp-image-534\" src=\"https:\/\/agroextrativismosustentavel.ufms.br\/files\/2021\/05\/WhatsApp-Image-2021-05-10-at-18.11.57-221x300.jpeg\" alt=\"\" width=\"221\" height=\"300\" srcset=\"https:\/\/agroextrativismosustentavel.ufms.br\/files\/2021\/05\/WhatsApp-Image-2021-05-10-at-18.11.57-221x300.jpeg 221w, https:\/\/agroextrativismosustentavel.ufms.br\/files\/2021\/05\/WhatsApp-Image-2021-05-10-at-18.11.57-236x320.jpeg 236w, https:\/\/agroextrativismosustentavel.ufms.br\/files\/2021\/05\/WhatsApp-Image-2021-05-10-at-18.11.57.jpeg 676w\" sizes=\"(max-width: 221px) 100vw, 221px\" \/><p id=\"caption-attachment-534\" class=\"wp-caption-text\">Da esquerda para direita: rapadura, melado, a\u00e7\u00facar mascavo e farinha de mandioca (Foto: Alessandra de Santana dos Santos)<\/p><\/div>\n","protected":false},"excerpt":{"rendered":"<p>Furnas do Dion\u00edsio\u00a0\u00e9 uma comunidade remanescente de quilombolas e ocupa uma \u00e1rea de 1.018,28 hectares. Est\u00e1 a aproximadamente 45 Km ao norte de Campo Grande, MS. Atualmente o local \u00e9 habitado por cerca de 90 fam\u00edlias. Produzem rapadura e outros derivados de cana de a\u00e7\u00facar e farinhas de mandioca, al\u00e9m de hortali\u00e7as e legumes. Potencial [&hellip;]<\/p>\n","protected":false},"author":40747,"featured_media":0,"parent":0,"menu_order":0,"comment_status":"closed","ping_status":"closed","template":"","meta":{"ngg_post_thumbnail":0,"footnotes":""},"coauthors":[],"class_list":["post-311","page","type-page","status-publish","hentry"],"_links":{"self":[{"href":"https:\/\/agroextrativismosustentavel.ufms.br\/en\/wp-json\/wp\/v2\/pages\/311","targetHints":{"allow":["GET"]}}],"collection":[{"href":"https:\/\/agroextrativismosustentavel.ufms.br\/en\/wp-json\/wp\/v2\/pages"}],"about":[{"href":"https:\/\/agroextrativismosustentavel.ufms.br\/en\/wp-json\/wp\/v2\/types\/page"}],"author":[{"embeddable":true,"href":"https:\/\/agroextrativismosustentavel.ufms.br\/en\/wp-json\/wp\/v2\/users\/40747"}],"replies":[{"embeddable":true,"href":"https:\/\/agroextrativismosustentavel.ufms.br\/en\/wp-json\/wp\/v2\/comments?post=311"}],"version-history":[{"count":7,"href":"https:\/\/agroextrativismosustentavel.ufms.br\/en\/wp-json\/wp\/v2\/pages\/311\/revisions"}],"predecessor-version":[{"id":535,"href":"https:\/\/agroextrativismosustentavel.ufms.br\/en\/wp-json\/wp\/v2\/pages\/311\/revisions\/535"}],"wp:attachment":[{"href":"https:\/\/agroextrativismosustentavel.ufms.br\/en\/wp-json\/wp\/v2\/media?parent=311"}],"wp:term":[{"taxonomy":"author","embeddable":true,"href":"https:\/\/agroextrativismosustentavel.ufms.br\/en\/wp-json\/wp\/v2\/coauthors?post=311"}],"curies":[{"name":"wp","href":"https:\/\/api.w.org\/{rel}","templated":true}]}}