{"id":279,"date":"2021-04-27T20:53:58","date_gmt":"2021-04-28T00:53:58","guid":{"rendered":"https:\/\/agroextrativismosustentavel.ufms.br\/?page_id=279"},"modified":"2021-04-27T20:56:17","modified_gmt":"2021-04-28T00:56:17","slug":"historico","status":"publish","type":"page","link":"https:\/\/agroextrativismosustentavel.ufms.br\/en\/historico\/","title":{"rendered":"Hist\u00f3rico"},"content":{"rendered":"<p>O Semin\u00e1rio Estadual da Guavira \u00e9 um evento anual que ocorre com o objetivo de criar um ambiente de discuss\u00e3o referente \u00e0s a\u00e7\u00f5es para fomentar atividades relacionadas a guavira, tais como: gastronomia, turismo, cultura, pesquisa, inova\u00e7\u00e3o, produtos artesanais, renda para comunidades\/cooperativismo, extrativismo sustent\u00e1vel, e gera\u00e7\u00e3o de novos produtos \u00e0 base de guavira. \u00a0\u00a0Todo esse movimento estadual foi iniciado em fun\u00e7\u00e3o da publica\u00e7\u00e3o em 07 DE NOVEMBRO DE 2017, da <strong><u>Lei Estadual N\u00ba 5.082<\/u><\/strong>, que declara a Guavira (<em>Campomanesia<\/em> spp.) como fruto s\u00edmbolo do Estado de Mato Grosso do Sul. Diante do contexto hist\u00f3rico regional da import\u00e2ncia cultural dos guavirais e do consumo da fruta, bem como de produtos originados desta, formou-se um grupo de trabalho composto por representantes, principalmente, das seguintes Institui\u00e7\u00f5es: FIOCRUZ MS, AGRAER, UFMS, UCDB, UNIDERP SEBRAE e representantes da Assembleia Legislativa, Secretarias Estaduais de Cultura, Turismo, Ci\u00eancia e Tecnologia, visando estruturar a\u00e7\u00f5es para a valoriza\u00e7\u00e3o e a conserva\u00e7\u00e3o da Guavira no Estado do MS.<\/p>\n<p>Nesse sentido, o <strong>I Semin\u00e1rio Estadual da Guavira<\/strong>, realizado nos dias 12 e 13 de abril de 2018, na Cidade de Campo Grande- MS, objetivou a discuss\u00e3o, por meio do encontro de diferentes atores e segmentos da sociedade, de temas relacionados a preserva\u00e7\u00e3o, conserva\u00e7\u00e3o e restaura\u00e7\u00e3o da Guavira, al\u00e9m da explora\u00e7\u00e3o sustent\u00e1vel, desenvolvimento de produtos, turismo e fortalecimento de uma cadeia produtiva. Em paralelo, foram realizadas atividades integradas como a exposi\u00e7\u00e3o Coletiva de Fotografias da Guavira e a Feira de Produtos da Sociobiodiversidade. Al\u00e9m destas atividades, foram estruturados quatro grupos de trabalho: <em>GT 1 &#8211; Preserva\u00e7\u00e3o, conserva\u00e7\u00e3o e restaura\u00e7\u00e3o da Guavira; GT 2 &#8211; Produ\u00e7\u00e3o sustent\u00e1vel, produtos e inova\u00e7\u00e3o relacionados a Guavira; GT 3 &#8211; Cultura, turismo e gastronomia envolvendo a Guavira; GT 4 &#8211; Estrutura\u00e7\u00e3o da cadeia produtiva da Guavira.<\/em><\/p>\n<p>Ao final do evento foi gerado um documento referente \u00e0s a\u00e7\u00f5es que dever\u00e3o ocorrer para consolidar o uso sustent\u00e1vel da Guavira.<\/p>\n<p>O <strong>II Semin\u00e1rio Estadual da Guavira: Fruto s\u00edmbolo do estado do MS <\/strong>foi realizado no dia 29 de novembro de 2019, na Cidade de Campo Grande- MS. Os temas das palestras e discuss\u00e3o da segunda edi\u00e7\u00e3o foram centralizados na estrutura\u00e7\u00e3o da cadeia produtiva, Integra\u00e7\u00e3o da Pesquisa, Desenvolvimento e Inova\u00e7\u00e3o com a Guavira no MS; Experi\u00eancias de neg\u00f3cios sustent\u00e1veis com Guavira e outras plantas nativas. Al\u00e9m da Programa\u00e7\u00e3o Cient\u00edfica houve a Exposi\u00e7\u00e3o de Fotografias e a Feira de Produtos da Sociobiodiversidade., al\u00e9m da oficializa\u00e7\u00e3o da doa\u00e7\u00e3o ao Museu Marco de uma tela em \u00f3leo intitulada: Guavira fruto s\u00edmbolo do MS, de autoria do artista Toninho Perez. Importante destacar que essa obra corresponde, at\u00e9 o presente momento, a \u00fanica obra do Museu cuja tem\u00e1tica refere-se ao fruto Guavira.<\/p>\n<p>Estamos organizando o<strong> III Semin\u00e1rio Estadual da Guavira, <\/strong>o qual ser\u00e1 ofertado via <em>on line<\/em> tendo sua programa\u00e7\u00e3o dividida em quatro pain\u00e9is, nos dias 01\/12\/2020 e 08\/12\/2020. Os temas das palestras e discuss\u00f5es ser\u00e3o: Produ\u00e7\u00e3o sustent\u00e1vel; Servi\u00e7os ambientais; Tecnologias e Desenvolvimento de Produtos de Guavira; e Comercializa\u00e7\u00e3o e consumo consciente. Outras atividades estar\u00e3o sendo realizadas, al\u00e9m da programa\u00e7\u00e3o cient\u00edfica: Apresenta\u00e7\u00e3o de trabalhos \u201cJovens Pesquisadores\u201d; Concurso Desenho Art\u00edstico \u201cGuavira Sou F\u00e3\u201d; e Rodada de Neg\u00f3cios On Line &#8211; Sociobiodiversidade.<\/p>\n<p>Para saber mais a respeito do semin\u00e1rio, acesse o site\u00a0<a href=\"https:\/\/www.flow.page\/3seminariodaguavira\" target=\"_blank\" rel=\"noopener noreferrer\">III Semin\u00e1rio Estadual da Guavira<\/a> \u00a0 e o perfil no Instagram 3seminariodaguavira<\/p>\n","protected":false},"excerpt":{"rendered":"<p>O Semin\u00e1rio Estadual da Guavira \u00e9 um evento anual que ocorre com o objetivo de criar um ambiente de discuss\u00e3o referente \u00e0s a\u00e7\u00f5es para fomentar atividades relacionadas a guavira, tais como: gastronomia, turismo, cultura, pesquisa, inova\u00e7\u00e3o, produtos artesanais, renda para comunidades\/cooperativismo, extrativismo sustent\u00e1vel, e gera\u00e7\u00e3o de novos produtos \u00e0 base de guavira. \u00a0\u00a0Todo esse movimento [&hellip;]<\/p>\n","protected":false},"author":40747,"featured_media":0,"parent":0,"menu_order":0,"comment_status":"closed","ping_status":"closed","template":"","meta":{"ngg_post_thumbnail":0,"footnotes":""},"coauthors":[],"class_list":["post-279","page","type-page","status-publish","hentry"],"_links":{"self":[{"href":"https:\/\/agroextrativismosustentavel.ufms.br\/en\/wp-json\/wp\/v2\/pages\/279","targetHints":{"allow":["GET"]}}],"collection":[{"href":"https:\/\/agroextrativismosustentavel.ufms.br\/en\/wp-json\/wp\/v2\/pages"}],"about":[{"href":"https:\/\/agroextrativismosustentavel.ufms.br\/en\/wp-json\/wp\/v2\/types\/page"}],"author":[{"embeddable":true,"href":"https:\/\/agroextrativismosustentavel.ufms.br\/en\/wp-json\/wp\/v2\/users\/40747"}],"replies":[{"embeddable":true,"href":"https:\/\/agroextrativismosustentavel.ufms.br\/en\/wp-json\/wp\/v2\/comments?post=279"}],"version-history":[{"count":1,"href":"https:\/\/agroextrativismosustentavel.ufms.br\/en\/wp-json\/wp\/v2\/pages\/279\/revisions"}],"predecessor-version":[{"id":280,"href":"https:\/\/agroextrativismosustentavel.ufms.br\/en\/wp-json\/wp\/v2\/pages\/279\/revisions\/280"}],"wp:attachment":[{"href":"https:\/\/agroextrativismosustentavel.ufms.br\/en\/wp-json\/wp\/v2\/media?parent=279"}],"wp:term":[{"taxonomy":"author","embeddable":true,"href":"https:\/\/agroextrativismosustentavel.ufms.br\/en\/wp-json\/wp\/v2\/coauthors?post=279"}],"curies":[{"name":"wp","href":"https:\/\/api.w.org\/{rel}","templated":true}]}}