{"id":275,"date":"2021-04-27T20:39:08","date_gmt":"2021-04-28T00:39:08","guid":{"rendered":"https:\/\/agroextrativismosustentavel.ufms.br\/?page_id=275"},"modified":"2021-05-09T17:05:32","modified_gmt":"2021-05-09T21:05:32","slug":"aldeia-brejao","status":"publish","type":"page","link":"https:\/\/agroextrativismosustentavel.ufms.br\/en\/aldeia-brejao\/","title":{"rendered":"Aldeia Brej\u00e3o &#8211; Associa\u00e7\u00e3o Hanaiti \u2013 Yomo-Omo (AHY) &#8211; NIOAQUE\/MS"},"content":{"rendered":"<p>Associa\u00e7\u00e3o de Mulheres, localizada na Aldeia Brej\u00e3o da Terra Ind\u00edgena Nioaque, a associa\u00e7\u00e3o foi institu\u00edda em junho de 2010, sua atua\u00e7\u00e3o nas \u00e1reas de produ\u00e7\u00e3o de hortifr\u00fati e extrativismo, por interm\u00e9dio de projetos como: Projeto da Unidade Multiuso; Viveiro Florestal para Produ\u00e7\u00e3o Agroflorestal e Fundo Rotativo Solid\u00e1rio. A associa\u00e7\u00e3o\u00a0conta com uma composi\u00e7\u00e3o no quadro de associados de 80% de mulheres. Possuem equipamentos para agroind\u00fastria e condi\u00e7\u00f5es para realizar a padroniza\u00e7\u00e3o dos seus produtos com qualidade e seguran\u00e7a.<\/p>\n<p>Telefone: +55 67\u00a0 3236-2065<\/p>\n<p>+55 67 9805-1896 (Alex)<\/p>\n<p>Localiza\u00e7\u00e3o:<\/p>\n<p>Latitude: 21\u00b014&#8217;94,62&#8243;<\/p>\n<p>Longitude: 55\u00b072&#8217;13,12&#8243;<\/p>\n<p>&nbsp;<\/p>\n<div id=\"attachment_247\" style=\"width: 310px\" class=\"wp-caption alignnone\"><img fetchpriority=\"high\" decoding=\"async\" aria-describedby=\"caption-attachment-247\" class=\"wp-image-247 size-medium\" src=\"https:\/\/agroextrativismosustentavel.ufms.br\/files\/2021\/03\/Aldeia-Brej\u00e3o-Nioaque-07-300x225.jpg\" alt=\"Presidente da Associa\u00e7\u00e3o Hanaiti Yomomo (AHY) Lucilene Gois Cabrocha (Foto: Raquel Pires Campos)\" width=\"300\" height=\"225\" srcset=\"https:\/\/agroextrativismosustentavel.ufms.br\/files\/2021\/03\/Aldeia-Brej\u00e3o-Nioaque-07-300x225.jpg 300w, https:\/\/agroextrativismosustentavel.ufms.br\/files\/2021\/03\/Aldeia-Brej\u00e3o-Nioaque-07-768x576.jpg 768w, https:\/\/agroextrativismosustentavel.ufms.br\/files\/2021\/03\/Aldeia-Brej\u00e3o-Nioaque-07-1024x768.jpg 1024w, https:\/\/agroextrativismosustentavel.ufms.br\/files\/2021\/03\/Aldeia-Brej\u00e3o-Nioaque-07-427x320.jpg 427w, https:\/\/agroextrativismosustentavel.ufms.br\/files\/2021\/03\/Aldeia-Brej\u00e3o-Nioaque-07.jpg 1152w\" sizes=\"(max-width: 300px) 100vw, 300px\" \/><p id=\"caption-attachment-247\" class=\"wp-caption-text\">Presidente da Associa\u00e7\u00e3o Hanaiti Yomomo (AHY) Lucilene Gois Cabrocha (Foto: Raquel Pires Campos)<\/p><\/div>\n<div id=\"attachment_243\" style=\"width: 310px\" class=\"wp-caption alignnone\"><img decoding=\"async\" aria-describedby=\"caption-attachment-243\" class=\"wp-image-243 size-medium\" src=\"https:\/\/agroextrativismosustentavel.ufms.br\/files\/2021\/03\/Aldeia-Brej\u00e3o-Nioaque-03-300x225.jpg\" alt=\"\" width=\"300\" height=\"225\" srcset=\"https:\/\/agroextrativismosustentavel.ufms.br\/files\/2021\/03\/Aldeia-Brej\u00e3o-Nioaque-03-300x225.jpg 300w, https:\/\/agroextrativismosustentavel.ufms.br\/files\/2021\/03\/Aldeia-Brej\u00e3o-Nioaque-03-768x576.jpg 768w, https:\/\/agroextrativismosustentavel.ufms.br\/files\/2021\/03\/Aldeia-Brej\u00e3o-Nioaque-03-1024x768.jpg 1024w, https:\/\/agroextrativismosustentavel.ufms.br\/files\/2021\/03\/Aldeia-Brej\u00e3o-Nioaque-03-427x320.jpg 427w, https:\/\/agroextrativismosustentavel.ufms.br\/files\/2021\/03\/Aldeia-Brej\u00e3o-Nioaque-03.jpg 1152w\" sizes=\"(max-width: 300px) 100vw, 300px\" \/><p id=\"caption-attachment-243\" class=\"wp-caption-text\">Respons\u00e1vel pela Assessoria T\u00e9cnica Ind\u00edgena e coordena\u00e7\u00e3o da Unidade Multiuso Agroextrativista, Alexandro da Silva Souza (\u00e0 esquerda) e a Presidente da Associa\u00e7\u00e3o Lucilene Gois Cabrocha (\u00e0 direita) juntamente com trabalhadores da Associa\u00e7\u00e3o (Foto: Raquel Pires Campos)<\/p><\/div>\n<div id=\"attachment_245\" style=\"width: 310px\" class=\"wp-caption alignnone\"><img decoding=\"async\" aria-describedby=\"caption-attachment-245\" class=\"wp-image-245 size-medium\" src=\"https:\/\/agroextrativismosustentavel.ufms.br\/files\/2021\/03\/Aldeia-Brej\u00e3o-Nioaque-05-1-300x225.jpg\" alt=\"\" width=\"300\" height=\"225\" srcset=\"https:\/\/agroextrativismosustentavel.ufms.br\/files\/2021\/03\/Aldeia-Brej\u00e3o-Nioaque-05-1-300x225.jpg 300w, https:\/\/agroextrativismosustentavel.ufms.br\/files\/2021\/03\/Aldeia-Brej\u00e3o-Nioaque-05-1-768x576.jpg 768w, https:\/\/agroextrativismosustentavel.ufms.br\/files\/2021\/03\/Aldeia-Brej\u00e3o-Nioaque-05-1-1024x768.jpg 1024w, https:\/\/agroextrativismosustentavel.ufms.br\/files\/2021\/03\/Aldeia-Brej\u00e3o-Nioaque-05-1-427x320.jpg 427w, https:\/\/agroextrativismosustentavel.ufms.br\/files\/2021\/03\/Aldeia-Brej\u00e3o-Nioaque-05-1.jpg 1152w\" sizes=\"(max-width: 300px) 100vw, 300px\" \/><p id=\"caption-attachment-245\" class=\"wp-caption-text\">Produtores da Associa\u00e7\u00e3o Hanaiti Yomomo (Foto: Raquel Pires Campos)<\/p><\/div>\n<p>&nbsp;<\/p>\n<p>&nbsp;<\/p>\n<p>&nbsp;<\/p>\n<p>&nbsp;<\/p>\n<p>&nbsp;<\/p>\n<p>&nbsp;<\/p>\n<p>&nbsp;<\/p>\n<p>&nbsp;<\/p>\n","protected":false},"excerpt":{"rendered":"<p>Associa\u00e7\u00e3o de Mulheres, localizada na Aldeia Brej\u00e3o da Terra Ind\u00edgena Nioaque, a associa\u00e7\u00e3o foi institu\u00edda em junho de 2010, sua atua\u00e7\u00e3o nas \u00e1reas de produ\u00e7\u00e3o de hortifr\u00fati e extrativismo, por interm\u00e9dio de projetos como: Projeto da Unidade Multiuso; Viveiro Florestal para Produ\u00e7\u00e3o Agroflorestal e Fundo Rotativo Solid\u00e1rio. A associa\u00e7\u00e3o\u00a0conta com uma composi\u00e7\u00e3o no quadro de [&hellip;]<\/p>\n","protected":false},"author":40747,"featured_media":0,"parent":0,"menu_order":0,"comment_status":"closed","ping_status":"closed","template":"","meta":{"ngg_post_thumbnail":0,"footnotes":""},"coauthors":[],"class_list":["post-275","page","type-page","status-publish","hentry"],"_links":{"self":[{"href":"https:\/\/agroextrativismosustentavel.ufms.br\/en\/wp-json\/wp\/v2\/pages\/275","targetHints":{"allow":["GET"]}}],"collection":[{"href":"https:\/\/agroextrativismosustentavel.ufms.br\/en\/wp-json\/wp\/v2\/pages"}],"about":[{"href":"https:\/\/agroextrativismosustentavel.ufms.br\/en\/wp-json\/wp\/v2\/types\/page"}],"author":[{"embeddable":true,"href":"https:\/\/agroextrativismosustentavel.ufms.br\/en\/wp-json\/wp\/v2\/users\/40747"}],"replies":[{"embeddable":true,"href":"https:\/\/agroextrativismosustentavel.ufms.br\/en\/wp-json\/wp\/v2\/comments?post=275"}],"version-history":[{"count":7,"href":"https:\/\/agroextrativismosustentavel.ufms.br\/en\/wp-json\/wp\/v2\/pages\/275\/revisions"}],"predecessor-version":[{"id":519,"href":"https:\/\/agroextrativismosustentavel.ufms.br\/en\/wp-json\/wp\/v2\/pages\/275\/revisions\/519"}],"wp:attachment":[{"href":"https:\/\/agroextrativismosustentavel.ufms.br\/en\/wp-json\/wp\/v2\/media?parent=275"}],"wp:term":[{"taxonomy":"author","embeddable":true,"href":"https:\/\/agroextrativismosustentavel.ufms.br\/en\/wp-json\/wp\/v2\/coauthors?post=275"}],"curies":[{"name":"wp","href":"https:\/\/api.w.org\/{rel}","templated":true}]}}