{"id":273,"date":"2021-04-27T20:35:36","date_gmt":"2021-04-28T00:35:36","guid":{"rendered":"https:\/\/agroextrativismosustentavel.ufms.br\/?page_id=273"},"modified":"2021-05-10T19:50:13","modified_gmt":"2021-05-10T23:50:13","slug":"monjolinho","status":"publish","type":"page","link":"https:\/\/agroextrativismosustentavel.ufms.br\/en\/monjolinho\/","title":{"rendered":"Associa\u00e7\u00e3o das Mulheres do Assentamento Monjolinho (AMAM) &#8211; ANAST\u00c1CIO\/MS"},"content":{"rendered":"<p>A associa\u00e7\u00e3o \u00e9 gerida 100% por mulheres, que entre as suas atividades destaca-se o extrativismo de base sustent\u00e1vel de frutos do Cerrado, com o beneficiamento e transforma\u00e7\u00e3o dos frutos, em farinhas, conservas, cremes, geleias, castanhas, \u00f3leo de pequi, licores, p\u00e3es, biscoitos, entre outro produtos. Participa semanalmente da Feira da Agricultura Familiar e Economia Solid\u00e1ria de Anast\u00e1cio. Disp\u00f5e de uma agroind\u00fastria, acessa o mercado institucional(PNAE) e o mercado privado.<\/p>\n<p>Telefone: +55 67 99967-0190<\/p>\n<p>E-mail: mariadapenha.macedocruz@gmail.com<\/p>\n<p>Localiza\u00e7\u00e3o:<\/p>\n<p>Latitude: 20\u00b049&#8217;0.00&#8243;<\/p>\n<p>Longitude: 55\u00b037&#8217;60.00&#8243;<\/p>\n<div id=\"attachment_345\" style=\"width: 179px\" class=\"wp-caption alignnone\"><img fetchpriority=\"high\" decoding=\"async\" aria-describedby=\"caption-attachment-345\" class=\"wp-image-345 size-medium\" src=\"https:\/\/agroextrativismosustentavel.ufms.br\/files\/2021\/05\/AMAM-2-169x300.jpg\" alt=\"\" width=\"169\" height=\"300\" srcset=\"https:\/\/agroextrativismosustentavel.ufms.br\/files\/2021\/05\/AMAM-2-169x300.jpg 169w, https:\/\/agroextrativismosustentavel.ufms.br\/files\/2021\/05\/AMAM-2-576x1024.jpg 576w, https:\/\/agroextrativismosustentavel.ufms.br\/files\/2021\/05\/AMAM-2-180x320.jpg 180w, https:\/\/agroextrativismosustentavel.ufms.br\/files\/2021\/05\/AMAM-2.jpg 581w\" sizes=\"(max-width: 169px) 100vw, 169px\" \/><p id=\"caption-attachment-345\" class=\"wp-caption-text\">Associa\u00e7\u00e3o de Mulheres do Assentamento Monjolinho (Foto: Raquel Pires Campos)<\/p><\/div>\n<div id=\"attachment_346\" style=\"width: 422px\" class=\"wp-caption alignleft\"><img decoding=\"async\" aria-describedby=\"caption-attachment-346\" class=\"wp-image-346\" src=\"https:\/\/agroextrativismosustentavel.ufms.br\/files\/2021\/05\/AMAM-4-300x169.jpg\" alt=\"\" width=\"412\" height=\"232\" srcset=\"https:\/\/agroextrativismosustentavel.ufms.br\/files\/2021\/05\/AMAM-4-300x169.jpg 300w, https:\/\/agroextrativismosustentavel.ufms.br\/files\/2021\/05\/AMAM-4-768x432.jpg 768w, https:\/\/agroextrativismosustentavel.ufms.br\/files\/2021\/05\/AMAM-4-1024x576.jpg 1024w, https:\/\/agroextrativismosustentavel.ufms.br\/files\/2021\/05\/AMAM-4-568x320.jpg 568w, https:\/\/agroextrativismosustentavel.ufms.br\/files\/2021\/05\/AMAM-4.jpg 1032w\" sizes=\"(max-width: 412px) 100vw, 412px\" \/><p id=\"caption-attachment-346\" class=\"wp-caption-text\">Associa\u00e7\u00e3o de Mulheres do Assentamento Monjolinho (Foto: Raquel Pires Campos)<\/p><\/div>\n<div id=\"attachment_344\" style=\"width: 310px\" class=\"wp-caption alignnone\"><img decoding=\"async\" aria-describedby=\"caption-attachment-344\" class=\"wp-image-344 size-medium\" src=\"https:\/\/agroextrativismosustentavel.ufms.br\/files\/2021\/05\/AMAM-3-300x225.jpg\" alt=\"\" width=\"300\" height=\"225\" srcset=\"https:\/\/agroextrativismosustentavel.ufms.br\/files\/2021\/05\/AMAM-3-300x225.jpg 300w, https:\/\/agroextrativismosustentavel.ufms.br\/files\/2021\/05\/AMAM-3-768x576.jpg 768w, https:\/\/agroextrativismosustentavel.ufms.br\/files\/2021\/05\/AMAM-3-1024x768.jpg 1024w, https:\/\/agroextrativismosustentavel.ufms.br\/files\/2021\/05\/AMAM-3-427x320.jpg 427w, https:\/\/agroextrativismosustentavel.ufms.br\/files\/2021\/05\/AMAM-3.jpg 1032w\" sizes=\"(max-width: 300px) 100vw, 300px\" \/><p id=\"caption-attachment-344\" class=\"wp-caption-text\">Associa\u00e7\u00e3o de Mulheres do Assentamento Monjolinho (Foto: Raquel Pires Campos)<\/p><\/div>\n<div id=\"attachment_347\" style=\"width: 179px\" class=\"wp-caption alignnone\"><img loading=\"lazy\" decoding=\"async\" aria-describedby=\"caption-attachment-347\" class=\"wp-image-347 size-medium\" src=\"https:\/\/agroextrativismosustentavel.ufms.br\/files\/2021\/05\/AMAM-1-169x300.jpg\" alt=\"\" width=\"169\" height=\"300\" srcset=\"https:\/\/agroextrativismosustentavel.ufms.br\/files\/2021\/05\/AMAM-1-169x300.jpg 169w, https:\/\/agroextrativismosustentavel.ufms.br\/files\/2021\/05\/AMAM-1-576x1024.jpg 576w, https:\/\/agroextrativismosustentavel.ufms.br\/files\/2021\/05\/AMAM-1-180x320.jpg 180w, https:\/\/agroextrativismosustentavel.ufms.br\/files\/2021\/05\/AMAM-1.jpg 581w\" sizes=\"(max-width: 169px) 100vw, 169px\" \/><p id=\"caption-attachment-347\" class=\"wp-caption-text\">Associa\u00e7\u00e3o de Mulheres do Assentamento Monjolinho (Foto: Raquel Pires Campos)<\/p><\/div>\n<div id=\"attachment_536\" style=\"width: 310px\" class=\"wp-caption alignnone\"><img loading=\"lazy\" decoding=\"async\" aria-describedby=\"caption-attachment-536\" class=\"size-medium wp-image-536\" src=\"https:\/\/agroextrativismosustentavel.ufms.br\/files\/2021\/05\/WhatsApp-Image-2021-05-10-at-16.34.08-300x190.jpeg\" alt=\"\" width=\"300\" height=\"190\" srcset=\"https:\/\/agroextrativismosustentavel.ufms.br\/files\/2021\/05\/WhatsApp-Image-2021-05-10-at-16.34.08-300x190.jpeg 300w, https:\/\/agroextrativismosustentavel.ufms.br\/files\/2021\/05\/WhatsApp-Image-2021-05-10-at-16.34.08-768x486.jpeg 768w, https:\/\/agroextrativismosustentavel.ufms.br\/files\/2021\/05\/WhatsApp-Image-2021-05-10-at-16.34.08-1024x648.jpeg 1024w, https:\/\/agroextrativismosustentavel.ufms.br\/files\/2021\/05\/WhatsApp-Image-2021-05-10-at-16.34.08-506x320.jpeg 506w, https:\/\/agroextrativismosustentavel.ufms.br\/files\/2021\/05\/WhatsApp-Image-2021-05-10-at-16.34.08.jpeg 1280w\" sizes=\"(max-width: 300px) 100vw, 300px\" \/><p id=\"caption-attachment-536\" class=\"wp-caption-text\">Da esquerda para direita: pequi em conserva, \u00f3leo de pequi e creme de pequi (Foto: Raquel Pires Campos)<\/p><\/div>\n<div id=\"attachment_537\" style=\"width: 310px\" class=\"wp-caption alignnone\"><img loading=\"lazy\" decoding=\"async\" aria-describedby=\"caption-attachment-537\" class=\"size-medium wp-image-537\" src=\"https:\/\/agroextrativismosustentavel.ufms.br\/files\/2021\/05\/WhatsApp-Image-2021-05-10-at-16.32.55-1-300x214.jpeg\" alt=\"\" width=\"300\" height=\"214\" srcset=\"https:\/\/agroextrativismosustentavel.ufms.br\/files\/2021\/05\/WhatsApp-Image-2021-05-10-at-16.32.55-1-300x214.jpeg 300w, https:\/\/agroextrativismosustentavel.ufms.br\/files\/2021\/05\/WhatsApp-Image-2021-05-10-at-16.32.55-1-768x549.jpeg 768w, https:\/\/agroextrativismosustentavel.ufms.br\/files\/2021\/05\/WhatsApp-Image-2021-05-10-at-16.32.55-1.jpeg 1024w, https:\/\/agroextrativismosustentavel.ufms.br\/files\/2021\/05\/WhatsApp-Image-2021-05-10-at-16.32.55-1-448x320.jpeg 448w\" sizes=\"(max-width: 300px) 100vw, 300px\" \/><p id=\"caption-attachment-537\" class=\"wp-caption-text\">Conservas de pequi (Foto: Raquel Pires Campos)<\/p><\/div>\n<p>&nbsp;<\/p>\n<p>&nbsp;<\/p>\n","protected":false},"excerpt":{"rendered":"<p>A associa\u00e7\u00e3o \u00e9 gerida 100% por mulheres, que entre as suas atividades destaca-se o extrativismo de base sustent\u00e1vel de frutos do Cerrado, com o beneficiamento e transforma\u00e7\u00e3o dos frutos, em farinhas, conservas, cremes, geleias, castanhas, \u00f3leo de pequi, licores, p\u00e3es, biscoitos, entre outro produtos. Participa semanalmente da Feira da Agricultura Familiar e Economia Solid\u00e1ria de [&hellip;]<\/p>\n","protected":false},"author":40747,"featured_media":345,"parent":0,"menu_order":0,"comment_status":"closed","ping_status":"closed","template":"","meta":{"ngg_post_thumbnail":0,"footnotes":""},"coauthors":[],"class_list":["post-273","page","type-page","status-publish","has-post-thumbnail","hentry"],"_links":{"self":[{"href":"https:\/\/agroextrativismosustentavel.ufms.br\/en\/wp-json\/wp\/v2\/pages\/273","targetHints":{"allow":["GET"]}}],"collection":[{"href":"https:\/\/agroextrativismosustentavel.ufms.br\/en\/wp-json\/wp\/v2\/pages"}],"about":[{"href":"https:\/\/agroextrativismosustentavel.ufms.br\/en\/wp-json\/wp\/v2\/types\/page"}],"author":[{"embeddable":true,"href":"https:\/\/agroextrativismosustentavel.ufms.br\/en\/wp-json\/wp\/v2\/users\/40747"}],"replies":[{"embeddable":true,"href":"https:\/\/agroextrativismosustentavel.ufms.br\/en\/wp-json\/wp\/v2\/comments?post=273"}],"version-history":[{"count":11,"href":"https:\/\/agroextrativismosustentavel.ufms.br\/en\/wp-json\/wp\/v2\/pages\/273\/revisions"}],"predecessor-version":[{"id":633,"href":"https:\/\/agroextrativismosustentavel.ufms.br\/en\/wp-json\/wp\/v2\/pages\/273\/revisions\/633"}],"wp:featuredmedia":[{"embeddable":true,"href":"https:\/\/agroextrativismosustentavel.ufms.br\/en\/wp-json\/wp\/v2\/media\/345"}],"wp:attachment":[{"href":"https:\/\/agroextrativismosustentavel.ufms.br\/en\/wp-json\/wp\/v2\/media?parent=273"}],"wp:term":[{"taxonomy":"author","embeddable":true,"href":"https:\/\/agroextrativismosustentavel.ufms.br\/en\/wp-json\/wp\/v2\/coauthors?post=273"}],"curies":[{"name":"wp","href":"https:\/\/api.w.org\/{rel}","templated":true}]}}