{"id":174,"date":"2020-11-11T14:53:47","date_gmt":"2020-11-11T18:53:47","guid":{"rendered":"https:\/\/agroextrativismosustentavel.ufms.br\/?page_id=174"},"modified":"2020-11-23T23:19:53","modified_gmt":"2020-11-24T03:19:53","slug":"programacao-iii-seminario-da-guavira","status":"publish","type":"page","link":"https:\/\/agroextrativismosustentavel.ufms.br\/en\/programacao-iii-seminario-da-guavira\/","title":{"rendered":"Programa\u00e7\u00e3o III Semin\u00e1rio da Guavira"},"content":{"rendered":"<p><strong>\u00a0<\/strong><strong>01\/12<\/strong><\/p>\n<p><strong>08h \u2013 08:30h: <\/strong>Abertura \u2013 UFMS\/ AGRAER\/ FIOCRUZ\/ SEMAGRO\/ AL\/ SEBRAE-MS\/<\/p>\n<p><strong>08:30 \u2013 09h: <\/strong>Premia\u00e7\u00e3o Concurso \u201c<em>Guavira: sou f\u00e3 <\/em>\u201d<\/p>\n<p><strong>08:30 \u2013 10:30h<\/strong>: <strong>PAINEL 1 &#8211; PRODU\u00c7\u00c3O SUSTENT\u00c1VEL<\/strong><\/p>\n<p><strong>\u00a0\u00a0\u00a0\u00a0\u00a0\u00a0 <\/strong>Mediador: Edimilson Volpe<\/p>\n<ul>\n<li><strong>Guavira \u2013 Fruto S\u00edmbolo de MS <\/strong>&#8211; Renato C\u00e2mara \u2013 Assembleia Legislativa MS<\/li>\n<li><strong>Recomposi\u00e7\u00e3o do Bioma Cerrado com Esp\u00e9cies Nativas <\/strong>\u2013 Jos\u00e9 Felipe Ribeiro \u2013Embrapa Centro de Pesquisa Agropecu\u00e1ria do Cerrado<\/li>\n<li><strong>Propaga\u00e7\u00e3o e Cultivo da Guavira \u2013 <\/strong>Ana Cristina Ajalla \u2013 Agraer<\/li>\n<\/ul>\n<p><strong>\u00a0<\/strong><\/p>\n<p><strong>01\/12<\/strong><\/p>\n<p><strong>14:00 \u2013 16:30h: PAINEL 2 &#8211; SERVI\u00c7OS AMBIENTAIS<\/strong><\/p>\n<p>Mediador: Alejandro Lasso<\/p>\n<ul>\n<li><strong>Diversidade Biocultural e Extrativismo Sustent\u00e1vel <\/strong><strong>\u2013 <\/strong> Ieda Maria Bortolotto &#8211; UFMS<\/li>\n<li><strong>Plano de Manejo Extrativista -MS \u2013<\/strong> Wagner dos Santos Soares &#8211; Instituto Pantanal Sul e Leosmar Terena \u2013 Associa\u00e7\u00e3o Caianas<\/li>\n<li><strong>Poliniza\u00e7\u00e3o como Servi\u00e7o Ecossist\u00eamico: o exemplo da Guavira<\/strong> \u2013 Prof. \u00a0Maria Ros\u00e2ngela Sigrist \u2013 UFMS<\/li>\n<li><strong>Cole\u00e7\u00f5es Biol\u00f3gicas e Servi\u00e7o Ambiental <\/strong>\u2013 Dra. Aline da Silva Soares Souto \u2013 Fiocruz<\/li>\n<\/ul>\n<p>&nbsp;<\/p>\n<p><strong>08\/12<\/strong><\/p>\n<p><strong>08:00 \u2013 10:30h:<\/strong> <strong>PAINEL 3 &#8211; PESQUISA, DESENVOLVIMENTO E INOVA\u00c7\u00c3O<\/strong><\/p>\n<p>Mediadora: Maria do Carmo Vieira<\/p>\n<ul>\n<li><strong>Perspectivas de produtos farmac\u00eauticos, cosm\u00e9ticos e aliment\u00edcios<\/strong> \u2013 Dra. Claudia Andrea Lima Cardoso \u2013 UEMS<\/li>\n<li><strong>Inova\u00e7\u00f5es em processos e produtos da guavira<\/strong> \u2013 Dra. Eliana Janet Sanjinez Argando\u00f1a \u2013 UFGD<\/li>\n<li><strong>Alimentos, bebidas e benef\u00edcios \u00e0 sa\u00fade <\/strong>\u2013 Dra. Danielle Bogo e Rita de C\u00e1ssia A. Guimar\u00e3es \u2013 UFMS<\/li>\n<\/ul>\n<p><strong>\u00a0<\/strong><\/p>\n<p><strong>14:00 \u2013 16:30h: PAINEL 4 &#8211; COMERCIALIZA\u00c7\u00c3O E CONSUMO CONSCIENTE<\/strong><\/p>\n<p>Mediadora: Raquel Campos<\/p>\n<ul>\n<li><strong>Comercializa\u00e7\u00e3o de frutos do Cerrado <\/strong>\u2013 <em>Emp\u00f3rio do Cerrado<\/em><\/li>\n<li><strong>Coopera\u00e7\u00e3o e economia solid\u00e1ria no MS <\/strong>&#8211; Sebastiana Almire Jesus e Claurinda Fraz\u00edlio &#8211; Central de Comercializa\u00e7\u00e3o e Economia Solid\u00e1ria (CCES\/MS)<\/li>\n<li><strong>\u201cCata\u201d e comercializa\u00e7\u00e3o de guavira <\/strong>\u2013 Comunidade Ind\u00edgena \u00c1gua Branca<\/li>\n<li><strong>Valoriza\u00e7\u00e3o da sociobiodiversidade e mercado sustent\u00e1vel \u2013 <\/strong>Renata Silva Cunha &#8211; Natura<\/li>\n<li><strong><strong>Valoriza\u00e7\u00e3o da sociobiodiversidade local \u2013 <\/strong><\/strong>Ana Helena Mattos &#8211; Yb\u00e1 Cosm\u00e9ticos<\/li>\n<\/ul>\n<p><strong>\u00a0<\/strong><\/p>\n<p><strong>\u201cJovens Pesquisadores\u201d<\/strong> &#8211; No intervalo das palestras, acontecer\u00e1 a apresenta\u00e7\u00e3o de trabalhos de pesquisa com Guavira publicados por jovens pesquisadores.<\/p>\n<p><strong>\u201cDesenho art\u00edstico Guavira Sou F\u00e3<\/strong>\u201c\u2013 Camiseta do Semin\u00e1rio<\/p>\n<p><strong>\u201cRodada de Neg\u00f3cios<\/strong> <strong>Sebrae<\/strong>\u201d\u2013 Feira para comercializa\u00e7\u00e3o online<\/p>\n<p>&nbsp;<\/p>\n<p>Salve a programa\u00e7\u00e3o em pdf, clicando em <a href=\"https:\/\/agroextrativismosustentavel.ufms.br\/files\/2020\/11\/III-Semin\u00e1rio-da-Guavira.pdf\">Programa\u00e7\u00e3o III Semin\u00e1rio da Guavira<\/a><\/p>\n<p>&nbsp;<\/p>\n<p>&nbsp;<\/p>\n","protected":false},"excerpt":{"rendered":"<p>\u00a001\/12 08h \u2013 08:30h: Abertura \u2013 UFMS\/ AGRAER\/ FIOCRUZ\/ SEMAGRO\/ AL\/ SEBRAE-MS\/ 08:30 \u2013 09h: Premia\u00e7\u00e3o Concurso \u201cGuavira: sou f\u00e3 \u201d 08:30 \u2013 10:30h: PAINEL 1 &#8211; PRODU\u00c7\u00c3O SUSTENT\u00c1VEL \u00a0\u00a0\u00a0\u00a0\u00a0\u00a0 Mediador: Edimilson Volpe Guavira \u2013 Fruto S\u00edmbolo de MS &#8211; Renato C\u00e2mara \u2013 Assembleia Legislativa MS Recomposi\u00e7\u00e3o do Bioma Cerrado com Esp\u00e9cies Nativas \u2013 Jos\u00e9 [&hellip;]<\/p>\n","protected":false},"author":40747,"featured_media":0,"parent":0,"menu_order":0,"comment_status":"closed","ping_status":"closed","template":"","meta":{"ngg_post_thumbnail":0,"footnotes":""},"coauthors":[],"class_list":["post-174","page","type-page","status-publish","hentry"],"_links":{"self":[{"href":"https:\/\/agroextrativismosustentavel.ufms.br\/en\/wp-json\/wp\/v2\/pages\/174","targetHints":{"allow":["GET"]}}],"collection":[{"href":"https:\/\/agroextrativismosustentavel.ufms.br\/en\/wp-json\/wp\/v2\/pages"}],"about":[{"href":"https:\/\/agroextrativismosustentavel.ufms.br\/en\/wp-json\/wp\/v2\/types\/page"}],"author":[{"embeddable":true,"href":"https:\/\/agroextrativismosustentavel.ufms.br\/en\/wp-json\/wp\/v2\/users\/40747"}],"replies":[{"embeddable":true,"href":"https:\/\/agroextrativismosustentavel.ufms.br\/en\/wp-json\/wp\/v2\/comments?post=174"}],"version-history":[{"count":6,"href":"https:\/\/agroextrativismosustentavel.ufms.br\/en\/wp-json\/wp\/v2\/pages\/174\/revisions"}],"predecessor-version":[{"id":199,"href":"https:\/\/agroextrativismosustentavel.ufms.br\/en\/wp-json\/wp\/v2\/pages\/174\/revisions\/199"}],"wp:attachment":[{"href":"https:\/\/agroextrativismosustentavel.ufms.br\/en\/wp-json\/wp\/v2\/media?parent=174"}],"wp:term":[{"taxonomy":"author","embeddable":true,"href":"https:\/\/agroextrativismosustentavel.ufms.br\/en\/wp-json\/wp\/v2\/coauthors?post=174"}],"curies":[{"name":"wp","href":"https:\/\/api.w.org\/{rel}","templated":true}]}}