{"id":168,"date":"2020-11-11T14:39:12","date_gmt":"2020-11-11T18:39:12","guid":{"rendered":"https:\/\/agroextrativismosustentavel.ufms.br\/?page_id=168"},"modified":"2021-08-11T11:26:40","modified_gmt":"2021-08-11T15:26:40","slug":"desenho-artistico-do-iii-seminario-estadual-da-guavira","status":"publish","type":"page","link":"https:\/\/agroextrativismosustentavel.ufms.br\/en\/desenho-artistico-do-iii-seminario-estadual-da-guavira\/","title":{"rendered":"Desenho art\u00edstico do III Semin\u00e1rio Estadual da Guavira"},"content":{"rendered":"<p>A equipe organizadora do III Semin\u00e1rio Estadual da Guavira programou como atividade art\u00edstica a realiza\u00e7\u00e3o de um concurso art\u00edstico para sele\u00e7\u00e3o do desenho art\u00edstico oficial desse e de futuras edi\u00e7\u00f5es do Semin\u00e1rio Estadual da Guavira. O tema da obra deveria ser &#8220;Guavira: fruto s\u00edmbolo do estado do MS&#8221;.<\/p>\n<p>A comiss\u00e3o julgadora foi composta por artistas, docentes da \u00e1rea de artes e membros da comiss\u00e3o organizadora do evento, e seguiu crit\u00e9rios como originalidade, qualidade t\u00e9cnica, recursos art\u00edsticos utilizados e adequa\u00e7\u00e3o ao tema. O ganhador foi o artista gr\u00e1fico Denis Zubieta que recebeu uma premia\u00e7\u00e3o no valor de\u00a0R$1.000,00.<\/p>\n<p>Confira abaixo o desenho premiado e a concep\u00e7\u00e3o utilizada pelo artista.<\/p>\n<p><img fetchpriority=\"high\" decoding=\"async\" class=\"alignnone wp-image-285 size-full\" src=\"https:\/\/agroextrativismosustentavel.ufms.br\/files\/2021\/04\/Desenho-premiado-no-semin\u00e1rio.jpg\" alt=\"\" width=\"960\" height=\"540\" srcset=\"https:\/\/agroextrativismosustentavel.ufms.br\/files\/2021\/04\/Desenho-premiado-no-semin\u00e1rio.jpg 960w, https:\/\/agroextrativismosustentavel.ufms.br\/files\/2021\/04\/Desenho-premiado-no-semin\u00e1rio-300x169.jpg 300w, https:\/\/agroextrativismosustentavel.ufms.br\/files\/2021\/04\/Desenho-premiado-no-semin\u00e1rio-768x432.jpg 768w, https:\/\/agroextrativismosustentavel.ufms.br\/files\/2021\/04\/Desenho-premiado-no-semin\u00e1rio-569x320.jpg 569w\" sizes=\"(max-width: 960px) 100vw, 960px\" \/><\/p>\n<p><img decoding=\"async\" class=\"alignnone wp-image-283 size-full\" src=\"https:\/\/agroextrativismosustentavel.ufms.br\/files\/2021\/04\/Concep\u00e7\u00e3o-02.jpg\" alt=\"\" width=\"960\" height=\"540\" srcset=\"https:\/\/agroextrativismosustentavel.ufms.br\/files\/2021\/04\/Concep\u00e7\u00e3o-02.jpg 960w, https:\/\/agroextrativismosustentavel.ufms.br\/files\/2021\/04\/Concep\u00e7\u00e3o-02-300x169.jpg 300w, https:\/\/agroextrativismosustentavel.ufms.br\/files\/2021\/04\/Concep\u00e7\u00e3o-02-768x432.jpg 768w, https:\/\/agroextrativismosustentavel.ufms.br\/files\/2021\/04\/Concep\u00e7\u00e3o-02-569x320.jpg 569w\" sizes=\"(max-width: 960px) 100vw, 960px\" \/> <img decoding=\"async\" class=\"alignnone wp-image-284 size-full\" src=\"https:\/\/agroextrativismosustentavel.ufms.br\/files\/2021\/04\/Concep\u00e7\u00e3o.jpg\" alt=\"\" width=\"960\" height=\"540\" srcset=\"https:\/\/agroextrativismosustentavel.ufms.br\/files\/2021\/04\/Concep\u00e7\u00e3o.jpg 960w, https:\/\/agroextrativismosustentavel.ufms.br\/files\/2021\/04\/Concep\u00e7\u00e3o-300x169.jpg 300w, https:\/\/agroextrativismosustentavel.ufms.br\/files\/2021\/04\/Concep\u00e7\u00e3o-768x432.jpg 768w, https:\/\/agroextrativismosustentavel.ufms.br\/files\/2021\/04\/Concep\u00e7\u00e3o-569x320.jpg 569w\" sizes=\"(max-width: 960px) 100vw, 960px\" \/> <img loading=\"lazy\" decoding=\"async\" class=\"alignnone wp-image-732 size-large\" src=\"https:\/\/agroextrativismosustentavel.ufms.br\/files\/2021\/08\/Desenho-premiado-no-seminario-2.jpg-1024x576.png\" alt=\"\" width=\"1024\" height=\"576\" srcset=\"https:\/\/agroextrativismosustentavel.ufms.br\/files\/2021\/08\/Desenho-premiado-no-seminario-2.jpg-1024x576.png 1024w, https:\/\/agroextrativismosustentavel.ufms.br\/files\/2021\/08\/Desenho-premiado-no-seminario-2.jpg-300x169.png 300w, https:\/\/agroextrativismosustentavel.ufms.br\/files\/2021\/08\/Desenho-premiado-no-seminario-2.jpg-768x432.png 768w, https:\/\/agroextrativismosustentavel.ufms.br\/files\/2021\/08\/Desenho-premiado-no-seminario-2.jpg-569x320.png 569w, https:\/\/agroextrativismosustentavel.ufms.br\/files\/2021\/08\/Desenho-premiado-no-seminario-2.jpg.png 1280w\" sizes=\"(max-width: 1024px) 100vw, 1024px\" \/><\/p>\n","protected":false},"excerpt":{"rendered":"<p>A equipe organizadora do III Semin\u00e1rio Estadual da Guavira programou como atividade art\u00edstica a realiza\u00e7\u00e3o de um concurso art\u00edstico para sele\u00e7\u00e3o do desenho art\u00edstico oficial desse e de futuras edi\u00e7\u00f5es do Semin\u00e1rio Estadual da Guavira. O tema da obra deveria ser &#8220;Guavira: fruto s\u00edmbolo do estado do MS&#8221;. A comiss\u00e3o julgadora foi composta por artistas, [&hellip;]<\/p>\n","protected":false},"author":40747,"featured_media":0,"parent":0,"menu_order":0,"comment_status":"closed","ping_status":"closed","template":"","meta":{"ngg_post_thumbnail":0,"footnotes":""},"coauthors":[],"class_list":["post-168","page","type-page","status-publish","hentry"],"_links":{"self":[{"href":"https:\/\/agroextrativismosustentavel.ufms.br\/en\/wp-json\/wp\/v2\/pages\/168","targetHints":{"allow":["GET"]}}],"collection":[{"href":"https:\/\/agroextrativismosustentavel.ufms.br\/en\/wp-json\/wp\/v2\/pages"}],"about":[{"href":"https:\/\/agroextrativismosustentavel.ufms.br\/en\/wp-json\/wp\/v2\/types\/page"}],"author":[{"embeddable":true,"href":"https:\/\/agroextrativismosustentavel.ufms.br\/en\/wp-json\/wp\/v2\/users\/40747"}],"replies":[{"embeddable":true,"href":"https:\/\/agroextrativismosustentavel.ufms.br\/en\/wp-json\/wp\/v2\/comments?post=168"}],"version-history":[{"count":8,"href":"https:\/\/agroextrativismosustentavel.ufms.br\/en\/wp-json\/wp\/v2\/pages\/168\/revisions"}],"predecessor-version":[{"id":187,"href":"https:\/\/agroextrativismosustentavel.ufms.br\/en\/wp-json\/wp\/v2\/pages\/168\/revisions\/187"}],"wp:attachment":[{"href":"https:\/\/agroextrativismosustentavel.ufms.br\/en\/wp-json\/wp\/v2\/media?parent=168"}],"wp:term":[{"taxonomy":"author","embeddable":true,"href":"https:\/\/agroextrativismosustentavel.ufms.br\/en\/wp-json\/wp\/v2\/coauthors?post=168"}],"curies":[{"name":"wp","href":"https:\/\/api.w.org\/{rel}","templated":true}]}}